{"id":51,"date":"2022-02-15T14:09:46","date_gmt":"2022-02-15T14:09:46","guid":{"rendered":"https:\/\/chambreavecvue.ch\/wordpress\/?page_id=51"},"modified":"2022-03-14T16:32:44","modified_gmt":"2022-03-14T16:32:44","slug":"reservation-contact","status":"publish","type":"page","link":"https:\/\/chambreavecvue.ch\/wordpress\/reservation-contact\/","title":{"rendered":"R\u00e9servation\u2013contact"},"content":{"rendered":"\n<div class=\"wp-block-columns tw-mt-0 is-layout-flex wp-container-core-columns-is-layout-d0b3c9c8 wp-block-columns-is-layout-flex\">\n<div class=\"wp-block-column is-layout-flow wp-block-column-is-layout-flow\" style=\"--col-width:33.33%;flex-basis:33.33%\">\n<div class=\"wp-block-group\"><div class=\"wp-block-group__inner-container is-layout-flow wp-block-group-is-layout-flow\">\n<div class=\"wp-block-group is-style-twentytwentyone-border has-border-color has-subtle-border-color\"><div class=\"wp-block-group__inner-container is-layout-flow wp-block-group-is-layout-flow\">\n<h3 class=\"wp-block-heading\" id=\"nous-trouver\">Nous trouver<\/h3>\n\n\n\n<p class=\"has-small-font-size\"><strong>Chambre avec vue<\/strong><br>Sophie Fichter<br>Route de Sallaz 3<br>1071 Rivaz<br>Suisse<br><br>T\u00e9l +41 (0)78 733 58 98<br>sophie[at]chambreavecvue.ch<\/p>\n<\/div><\/div>\n<\/div><\/div>\n\n\n\n<div class=\"wp-block-group\"><div class=\"wp-block-group__inner-container is-layout-flow wp-block-group-is-layout-flow\">\n<div class=\"wp-block-group is-style-twentytwentyone-border has-border-color has-subtle-border-color\"><div class=\"wp-block-group__inner-container is-layout-flow wp-block-group-is-layout-flow\">\n<h3 class=\"wp-block-heading\" id=\"nous-trouver\">En train<\/h3>\n\n\n\n<p class=\"has-small-font-size\">La gare de Rivaz est \u00e0 5 minutes \u00e0 pied de notre maison. Il y a 1 train par heure en&nbsp;direction de&nbsp;Vevey (5 min) et 1 train par&nbsp;heure&nbsp;en direction de&nbsp;Lausanne (15 min).<\/p>\n\n\n\n<p class=\"has-small-font-size\"><a href=\"https:\/\/www.sbb.ch\/fr\/home.html\">Consultez l\u2019horaire<\/a><\/p>\n<\/div><\/div>\n<\/div><\/div>\n\n\n\n<div class=\"wp-block-group\"><div class=\"wp-block-group__inner-container is-layout-flow wp-block-group-is-layout-flow\">\n<div class=\"wp-block-group is-style-twentytwentyone-border has-border-color has-subtle-border-color\"><div class=\"wp-block-group__inner-container is-layout-flow wp-block-group-is-layout-flow\">\n<h3 class=\"wp-block-heading\" id=\"nous-trouver\">En voiture<\/h3>\n\n\n\n<p class=\"has-small-font-size\"><strong>Par l\u2019autoroute&nbsp;E62<\/strong><br>Sortie&nbsp;No 13 Chexbres, suivre&nbsp;Vevey\/Chexbres et ensuite&nbsp;Rivaz<br><strong>Via la \u00ab&nbsp;route du lac&nbsp;\u00bb<\/strong><br>Route cantonale No 9<\/p>\n<\/div><\/div>\n<\/div><\/div>\n\n\n\n<div class=\"wp-block-group\"><div class=\"wp-block-group__inner-container is-layout-flow wp-block-group-is-layout-flow\">\n<div class=\"wp-block-group is-style-twentytwentyone-border has-border-color has-subtle-border-color\"><div class=\"wp-block-group__inner-container is-layout-flow wp-block-group-is-layout-flow\">\n<h3 class=\"wp-block-heading\" id=\"nous-trouver\">Distances<\/h3>\n\n\n\n<p class=\"has-small-font-size\">Lausanne : 17 km<br>Vevey : 6 km<br>Gen\u00e8ve : 80 km<\/p>\n<\/div><\/div>\n<\/div><\/div>\n<\/div>\n\n\n\n<div class=\"wp-block-column is-layout-flow wp-block-column-is-layout-flow\" style=\"--col-width:66.66%;flex-basis:66.66%\">\n<div class=\"wp-block-group is-style-twentytwentyone-border has-border-color has-subtle-border-color\"><div class=\"wp-block-group__inner-container is-layout-flow wp-block-group-is-layout-flow\">\n<iframe src=\"https:\/\/www.google.com\/maps\/embed?pb=!1m18!1m12!1m3!1d2747.6152819569384!2d6.777155415052947!3d46.47612787912595!2m3!1f0!2f0!3f0!3m2!1i1024!2i768!4f13.1!3m3!1m2!1s0x478c280f6192c3d9%3A0x5db69948324e98ef!2sChambre%20avec%20vue!5e0!3m2!1sfr!2sch!4v1647275512600!5m2!1sfr!2sch\" width=\"600\" height=\"450\" style=\"border:0;\" allowfullscreen=\"\" loading=\"lazy\"><\/iframe>\n<\/div><\/div>\n\n\n\n<div class=\"wp-block-group is-style-twentytwentyone-border has-border-color has-subtle-border-color\"><div class=\"wp-block-group__inner-container is-layout-flow wp-block-group-is-layout-flow\">\n<h3 class=\"wp-block-heading\" id=\"reservez-votre-sejour\">R\u00e9servez votre s\u00e9jour<\/h3>\n\n\n\n<div class=\"wp-block-contact-form-7-contact-form-selector\">\n<div class=\"wpcf7 no-js\" id=\"wpcf7-f4-o1\" lang=\"en-US\" dir=\"ltr\" data-wpcf7-id=\"4\">\n<div class=\"screen-reader-response\"><p role=\"status\" aria-live=\"polite\" aria-atomic=\"true\"><\/p> <ul><\/ul><\/div>\n<form action=\"\/wordpress\/wp-json\/wp\/v2\/pages\/51#wpcf7-f4-o1\" method=\"post\" class=\"wpcf7-form init\" aria-label=\"Contact form\" novalidate=\"novalidate\" data-status=\"init\">\n<fieldset class=\"hidden-fields-container\"><input type=\"hidden\" name=\"_wpcf7\" value=\"4\" \/><input type=\"hidden\" name=\"_wpcf7_version\" value=\"6.1.5\" \/><input type=\"hidden\" name=\"_wpcf7_locale\" value=\"en_US\" \/><input type=\"hidden\" name=\"_wpcf7_unit_tag\" value=\"wpcf7-f4-o1\" \/><input type=\"hidden\" name=\"_wpcf7_container_post\" value=\"0\" \/><input type=\"hidden\" name=\"_wpcf7_posted_data_hash\" value=\"\" \/>\n<\/fieldset>\n<p><label>Nom*<br \/>\n<span class=\"wpcf7-form-control-wrap\" data-name=\"your-name\"><input size=\"40\" maxlength=\"400\" class=\"wpcf7-form-control wpcf7-text wpcf7-validates-as-required\" aria-required=\"true\" aria-invalid=\"false\" value=\"\" type=\"text\" name=\"your-name\" \/><\/span> <\/label>\n<\/p>\n<p><label>Pr\u00e9nom*<br \/>\n<span class=\"wpcf7-form-control-wrap\" data-name=\"your-first-name\"><input size=\"40\" maxlength=\"400\" class=\"wpcf7-form-control wpcf7-text wpcf7-validates-as-required\" aria-required=\"true\" aria-invalid=\"false\" value=\"\" type=\"text\" name=\"your-first-name\" \/><\/span> <\/label>\n<\/p>\n<p><label>Rue et n\u00b0*<br \/>\n<span class=\"wpcf7-form-control-wrap\" data-name=\"text-865\"><input size=\"40\" maxlength=\"400\" class=\"wpcf7-form-control wpcf7-text wpcf7-validates-as-required\" aria-required=\"true\" aria-invalid=\"false\" value=\"\" type=\"text\" name=\"text-865\" \/><\/span><\/label>\n<\/p>\n<p><label>NPA et Ville*<br \/>\n<span class=\"wpcf7-form-control-wrap\" data-name=\"text-866\"><input size=\"40\" maxlength=\"400\" class=\"wpcf7-form-control wpcf7-text wpcf7-validates-as-required\" aria-required=\"true\" aria-invalid=\"false\" value=\"\" type=\"text\" name=\"text-866\" \/><\/span><\/label>\n<\/p>\n<p><label>Pays*<br \/>\n<span class=\"wpcf7-form-control-wrap\" data-name=\"text-867\"><input size=\"40\" maxlength=\"400\" class=\"wpcf7-form-control wpcf7-text wpcf7-validates-as-required\" aria-required=\"true\" aria-invalid=\"false\" value=\"\" type=\"text\" name=\"text-867\" \/><\/span><\/label>\n<\/p>\n<p><label>T\u00e9l\u00e9phone*<br \/>\n<span class=\"wpcf7-form-control-wrap\" data-name=\"tel-998\"><input size=\"40\" maxlength=\"400\" class=\"wpcf7-form-control wpcf7-tel wpcf7-validates-as-required wpcf7-text wpcf7-validates-as-tel\" aria-required=\"true\" aria-invalid=\"false\" value=\"\" type=\"tel\" name=\"tel-998\" \/><\/span><\/label>\n<\/p>\n<p><label>Adresse e-mail*<br \/>\n<span class=\"wpcf7-form-control-wrap\" data-name=\"your-email\"><input size=\"40\" maxlength=\"400\" class=\"wpcf7-form-control wpcf7-email wpcf7-validates-as-required wpcf7-text wpcf7-validates-as-email\" aria-required=\"true\" aria-invalid=\"false\" value=\"\" type=\"email\" name=\"your-email\" \/><\/span> <\/label>\n<\/p>\n<p><label>Date d'arriv\u00e9e souhait\u00e9e<br \/>\n<span class=\"wpcf7-form-control-wrap\" data-name=\"date-374\"><input class=\"wpcf7-form-control wpcf7-date wpcf7-validates-as-date\" aria-invalid=\"false\" value=\"\" type=\"date\" name=\"date-374\" \/><\/span><\/label>\n<\/p>\n<p><label>Date de d\u00e9part souhait\u00e9e<br \/>\n<span class=\"wpcf7-form-control-wrap\" data-name=\"date-375\"><input class=\"wpcf7-form-control wpcf7-date wpcf7-validates-as-date\" aria-invalid=\"false\" value=\"\" type=\"date\" name=\"date-375\" \/><\/span><\/label>\n<\/p>\n<p><label>Nombre d'adultes<br \/>\n<span class=\"wpcf7-form-control-wrap\" data-name=\"number-920\"><input class=\"wpcf7-form-control wpcf7-number wpcf7-validates-as-number\" min=\"1\" max=\"8\" aria-invalid=\"false\" value=\"\" type=\"number\" name=\"number-920\" \/><\/span><\/label>\n<\/p>\n<p><label>Nombre d'enfants<br \/>\n<span class=\"wpcf7-form-control-wrap\" data-name=\"number-921\"><input class=\"wpcf7-form-control wpcf7-number wpcf7-validates-as-number\" min=\"0\" max=\"8\" aria-invalid=\"false\" value=\"\" type=\"number\" name=\"number-921\" \/><\/span><\/label>\n<\/p>\n<p><label>\u00c2ge des enfants<br \/>\n<span class=\"wpcf7-form-control-wrap\" data-name=\"text-868\"><input size=\"40\" maxlength=\"400\" class=\"wpcf7-form-control wpcf7-text\" aria-invalid=\"false\" value=\"\" type=\"text\" name=\"text-868\" \/><\/span><\/label>\n<\/p>\n<p><label>Comment nous avez-vous trouv\u00e9?<br \/>\n<span class=\"wpcf7-form-control-wrap\" data-name=\"menu-725\"><select class=\"wpcf7-form-control wpcf7-select\" aria-invalid=\"false\" name=\"menu-725\"><option value=\"\">&#8212;Please choose an option&#8212;<\/option><option value=\"Bouche \u00e0 oreille\">Bouche \u00e0 oreille<\/option><option value=\"Instagram\/Facebook\">Instagram\/Facebook<\/option><option value=\"Recherche web\">Recherche web<\/option><option value=\"welcome-lavaux.ch\">welcome-lavaux.ch<\/option><\/select><\/span><\/label>\n<\/p>\n<p>Message<br \/>\n<span class=\"wpcf7-form-control-wrap\" data-name=\"textarea-774\"><textarea cols=\"40\" rows=\"10\" maxlength=\"2000\" class=\"wpcf7-form-control wpcf7-textarea\" aria-invalid=\"false\" name=\"textarea-774\"><\/textarea><\/span>\n<\/p>\n<p><span class=\"wpcf7-form-control-wrap kc_captcha\" data-name=\"kc_captcha\"><span class=\"wpcf7-form-control wpcf7-radio\"><span class=\"captcha-image\" ><span class=\"cf7ic_instructions\">Please prove you are human by selecting the<span> truck<\/span>.<\/span><label><input aria-label=\"1\" type=\"radio\" name=\"kc_captcha\" value=\"bot\" \/><svg aria-hidden=\"true\" role=\"img\" xmlns=\"http:\/\/www.w3.org\/2000\/svg\" viewBox=\"0 0 576 512\"><path fill=\"currentColor\" d=\"M488 313v143c0 13-11 24-24 24H348c-7 0-12-5-12-12V356c0-7-5-12-12-12h-72c-7 0-12 5-12 12v112c0 7-5 12-12 12H112c-13 0-24-11-24-24V313c0-4 2-7 4-10l188-154c5-4 11-4 16 0l188 154c2 3 4 6 4 10zm84-61l-84-69V44c0-6-5-12-12-12h-56c-7 0-12 6-12 12v73l-89-74a48 48 0 00-61 0L4 252c-5 4-5 12-1 17l25 31c5 5 12 5 17 1l235-193c5-4 11-4 16 0l235 193c5 5 13 4 17-1l25-31c4-6 4-13-1-17z\"\/><\/svg><\/label><label><input aria-label=\"2\" type=\"radio\" name=\"kc_captcha\" value=\"bot\" \/><svg aria-hidden=\"true\" role=\"img\" xmlns=\"http:\/\/www.w3.org\/2000\/svg\" viewBox=\"0 0 512 512\"><path fill=\"currentColor\" d=\"M500 168h-55l-8-21a127 127 0 00-120-83H195a127 127 0 00-120 83l-8 21H12c-8 0-14 8-11 16l8 24a12 12 0 0011 8h29a64 64 0 00-33 56v48c0 16 6 31 16 42v62c0 13 11 24 24 24h48c13 0 24-11 24-24v-40h256v40c0 13 11 24 24 24h48c13 0 24-11 24-24v-62c10-11 16-26 16-42v-48c0-24-13-45-33-56h29a12 12 0 0011-8l8-24c3-8-3-16-11-16zm-365 2c9-25 33-42 60-42h122c27 0 51 17 60 42l15 38H120l15-38zM88 328a32 32 0 010-64c18 0 48 30 48 48s-30 16-48 16zm336 0c-18 0-48 2-48-16s30-48 48-48 32 14 32 32-14 32-32 32z\"\/><\/svg><\/label><label><input aria-label=\"3\" type=\"radio\" name=\"kc_captcha\" value=\"kc_human\" \/><svg aria-hidden=\"true\" role=\"img\" xmlns=\"http:\/\/www.w3.org\/2000\/svg\" viewBox=\"0 0 640 512\"><path fill=\"currentColor\" d=\"M624 352h-16V244c0-13-5-25-14-34L494 110c-9-9-21-14-34-14h-44V48c0-26-21-48-48-48H48C22 0 0 22 0 48v320c0 27 22 48 48 48h16a96 96 0 00192 0h128a96 96 0 00192 0h48c9 0 16-7 16-16v-32c0-9-7-16-16-16zM160 464a48 48 0 110-96 48 48 0 010 96zm320 0a48 48 0 110-96 48 48 0 010 96zm80-208H416V144h44l100 100v12z\"\/><\/svg><\/label>\r\n    <\/span>\r\n    <span style=\"display:none\">\r\n        <input type=\"text\" name=\"kc_honeypot\">\r\n    <\/span><\/span><\/span>\n<\/p>\n<p><label><input class=\"wpcf7-form-control wpcf7-submit has-spinner\" type=\"submit\" value=\"Envoyer\" \/><\/label>\n<\/p><div class=\"wpcf7-response-output\" aria-hidden=\"true\"><\/div>\n<\/form>\n<\/div>\n<\/div>\n<\/div><\/div>\n<\/div>\n<\/div>\n\n\n\n<p><\/p>\n","protected":false},"excerpt":{"rendered":"<p>Nous trouver Chambre avec vueSophie FichterRoute de Sallaz 31071 RivazSuisse T\u00e9l +41 (0)78 733 58 98sophie[at]chambreavecvue.ch En train La gare de Rivaz est \u00e0 5 minutes \u00e0 pied de notre maison. Il y a 1 train par heure en&nbsp;direction de&nbsp;Vevey (5 min) et 1 train par&nbsp;heure&nbsp;en direction de&nbsp;Lausanne (15 min). Consultez l\u2019horaire En voiture Par&hellip; <a class=\"more-link\" href=\"https:\/\/chambreavecvue.ch\/wordpress\/reservation-contact\/\">Poursuivre la lecture <span class=\"screen-reader-text\">R\u00e9servation\u2013contact<\/span><\/a><\/p>\n","protected":false},"author":1,"featured_media":253,"parent":0,"menu_order":0,"comment_status":"closed","ping_status":"closed","template":"tw-no-title.php","meta":{"ngg_post_thumbnail":0,"footnotes":"","_links_to":"","_links_to_target":""},"class_list":["post-51","page","type-page","status-publish","has-post-thumbnail","hentry","entry"],"yoast_head":"<!-- This site is optimized with the Yoast SEO plugin v27.3 - https:\/\/yoast.com\/product\/yoast-seo-wordpress\/ -->\n<title>R\u00e9servation\u2013contact - Chambre avec vue<\/title>\n<meta name=\"description\" content=\"R\u00e9servez la maison de vacances, id\u00e9alement situ\u00e9e entre Lausanne et Montreux, \u00e0 quelques kilom\u00e8tres de Vevey et une heure de Gen\u00e8ve.\" \/>\n<meta name=\"robots\" content=\"index, follow, max-snippet:-1, max-image-preview:large, max-video-preview:-1\" \/>\n<link rel=\"canonical\" href=\"https:\/\/chambreavecvue.ch\/wordpress\/reservation-contact\/\" \/>\n<meta property=\"og:locale\" content=\"fr_FR\" \/>\n<meta property=\"og:type\" content=\"article\" \/>\n<meta property=\"og:title\" content=\"R\u00e9servation\u2013contact - Chambre avec vue\" \/>\n<meta property=\"og:description\" content=\"R\u00e9servez la maison de vacances, id\u00e9alement situ\u00e9e entre Lausanne et Montreux, \u00e0 quelques kilom\u00e8tres de Vevey et une heure de Gen\u00e8ve.\" \/>\n<meta property=\"og:url\" content=\"https:\/\/chambreavecvue.ch\/wordpress\/reservation-contact\/\" \/>\n<meta property=\"og:site_name\" content=\"Chambre avec vue\" \/>\n<meta property=\"article:modified_time\" content=\"2022-03-14T16:32:44+00:00\" \/>\n<meta property=\"og:image\" content=\"https:\/\/chambreavecvue.ch\/wordpress\/wp-content\/uploads\/2022\/02\/cav15-1.jpeg\" \/>\n\t<meta property=\"og:image:width\" content=\"594\" \/>\n\t<meta property=\"og:image:height\" content=\"600\" \/>\n\t<meta property=\"og:image:type\" content=\"image\/jpeg\" \/>\n<meta name=\"twitter:card\" content=\"summary_large_image\" \/>\n<meta name=\"twitter:label1\" content=\"Dur\u00e9e de lecture estim\u00e9e\" \/>\n\t<meta name=\"twitter:data1\" content=\"1 minute\" \/>\n<script type=\"application\/ld+json\" class=\"yoast-schema-graph\">{\"@context\":\"https:\\\/\\\/schema.org\",\"@graph\":[{\"@type\":\"WebPage\",\"@id\":\"https:\\\/\\\/chambreavecvue.ch\\\/wordpress\\\/reservation-contact\\\/\",\"url\":\"https:\\\/\\\/chambreavecvue.ch\\\/wordpress\\\/reservation-contact\\\/\",\"name\":\"R\u00e9servation\u2013contact - Chambre avec vue\",\"isPartOf\":{\"@id\":\"https:\\\/\\\/chambreavecvue.ch\\\/wordpress\\\/#website\"},\"primaryImageOfPage\":{\"@id\":\"https:\\\/\\\/chambreavecvue.ch\\\/wordpress\\\/reservation-contact\\\/#primaryimage\"},\"image\":{\"@id\":\"https:\\\/\\\/chambreavecvue.ch\\\/wordpress\\\/reservation-contact\\\/#primaryimage\"},\"thumbnailUrl\":\"https:\\\/\\\/chambreavecvue.ch\\\/wordpress\\\/wp-content\\\/uploads\\\/2022\\\/02\\\/cav15-1.jpeg\",\"datePublished\":\"2022-02-15T14:09:46+00:00\",\"dateModified\":\"2022-03-14T16:32:44+00:00\",\"description\":\"R\u00e9servez la maison de vacances, id\u00e9alement situ\u00e9e entre Lausanne et Montreux, \u00e0 quelques kilom\u00e8tres de Vevey et une heure de Gen\u00e8ve.\",\"breadcrumb\":{\"@id\":\"https:\\\/\\\/chambreavecvue.ch\\\/wordpress\\\/reservation-contact\\\/#breadcrumb\"},\"inLanguage\":\"fr-FR\",\"potentialAction\":[{\"@type\":\"ReadAction\",\"target\":[\"https:\\\/\\\/chambreavecvue.ch\\\/wordpress\\\/reservation-contact\\\/\"]}]},{\"@type\":\"ImageObject\",\"inLanguage\":\"fr-FR\",\"@id\":\"https:\\\/\\\/chambreavecvue.ch\\\/wordpress\\\/reservation-contact\\\/#primaryimage\",\"url\":\"https:\\\/\\\/chambreavecvue.ch\\\/wordpress\\\/wp-content\\\/uploads\\\/2022\\\/02\\\/cav15-1.jpeg\",\"contentUrl\":\"https:\\\/\\\/chambreavecvue.ch\\\/wordpress\\\/wp-content\\\/uploads\\\/2022\\\/02\\\/cav15-1.jpeg\",\"width\":594,\"height\":600},{\"@type\":\"BreadcrumbList\",\"@id\":\"https:\\\/\\\/chambreavecvue.ch\\\/wordpress\\\/reservation-contact\\\/#breadcrumb\",\"itemListElement\":[{\"@type\":\"ListItem\",\"position\":1,\"name\":\"Home\",\"item\":\"https:\\\/\\\/chambreavecvue.ch\\\/wordpress\\\/\"},{\"@type\":\"ListItem\",\"position\":2,\"name\":\"R\u00e9servation\u2013contact\"}]},{\"@type\":\"WebSite\",\"@id\":\"https:\\\/\\\/chambreavecvue.ch\\\/wordpress\\\/#website\",\"url\":\"https:\\\/\\\/chambreavecvue.ch\\\/wordpress\\\/\",\"name\":\"Chambre avec vue\",\"description\":\"Location de vacances en Lavaux\",\"publisher\":{\"@id\":\"https:\\\/\\\/chambreavecvue.ch\\\/wordpress\\\/#organization\"},\"potentialAction\":[{\"@type\":\"SearchAction\",\"target\":{\"@type\":\"EntryPoint\",\"urlTemplate\":\"https:\\\/\\\/chambreavecvue.ch\\\/wordpress\\\/?s={search_term_string}\"},\"query-input\":{\"@type\":\"PropertyValueSpecification\",\"valueRequired\":true,\"valueName\":\"search_term_string\"}}],\"inLanguage\":\"fr-FR\"},{\"@type\":\"Organization\",\"@id\":\"https:\\\/\\\/chambreavecvue.ch\\\/wordpress\\\/#organization\",\"name\":\"Chambre avec vue\",\"url\":\"https:\\\/\\\/chambreavecvue.ch\\\/wordpress\\\/\",\"logo\":{\"@type\":\"ImageObject\",\"inLanguage\":\"fr-FR\",\"@id\":\"https:\\\/\\\/chambreavecvue.ch\\\/wordpress\\\/#\\\/schema\\\/logo\\\/image\\\/\",\"url\":\"https:\\\/\\\/chambreavecvue.ch\\\/wordpress\\\/wp-content\\\/uploads\\\/2022\\\/02\\\/chambreavecvue_logo_clr.png\",\"contentUrl\":\"https:\\\/\\\/chambreavecvue.ch\\\/wordpress\\\/wp-content\\\/uploads\\\/2022\\\/02\\\/chambreavecvue_logo_clr.png\",\"width\":800,\"height\":473,\"caption\":\"Chambre avec vue\"},\"image\":{\"@id\":\"https:\\\/\\\/chambreavecvue.ch\\\/wordpress\\\/#\\\/schema\\\/logo\\\/image\\\/\"},\"sameAs\":[\"https:\\\/\\\/www.instagram.com\\\/chambreavecvue.ch\"]}]}<\/script>\n<!-- \/ Yoast SEO plugin. -->","yoast_head_json":{"title":"R\u00e9servation\u2013contact - Chambre avec vue","description":"R\u00e9servez la maison de vacances, id\u00e9alement situ\u00e9e entre Lausanne et Montreux, \u00e0 quelques kilom\u00e8tres de Vevey et une heure de Gen\u00e8ve.","robots":{"index":"index","follow":"follow","max-snippet":"max-snippet:-1","max-image-preview":"max-image-preview:large","max-video-preview":"max-video-preview:-1"},"canonical":"https:\/\/chambreavecvue.ch\/wordpress\/reservation-contact\/","og_locale":"fr_FR","og_type":"article","og_title":"R\u00e9servation\u2013contact - Chambre avec vue","og_description":"R\u00e9servez la maison de vacances, id\u00e9alement situ\u00e9e entre Lausanne et Montreux, \u00e0 quelques kilom\u00e8tres de Vevey et une heure de Gen\u00e8ve.","og_url":"https:\/\/chambreavecvue.ch\/wordpress\/reservation-contact\/","og_site_name":"Chambre avec vue","article_modified_time":"2022-03-14T16:32:44+00:00","og_image":[{"width":594,"height":600,"url":"https:\/\/chambreavecvue.ch\/wordpress\/wp-content\/uploads\/2022\/02\/cav15-1.jpeg","type":"image\/jpeg"}],"twitter_card":"summary_large_image","twitter_misc":{"Dur\u00e9e de lecture estim\u00e9e":"1 minute"},"schema":{"@context":"https:\/\/schema.org","@graph":[{"@type":"WebPage","@id":"https:\/\/chambreavecvue.ch\/wordpress\/reservation-contact\/","url":"https:\/\/chambreavecvue.ch\/wordpress\/reservation-contact\/","name":"R\u00e9servation\u2013contact - Chambre avec vue","isPartOf":{"@id":"https:\/\/chambreavecvue.ch\/wordpress\/#website"},"primaryImageOfPage":{"@id":"https:\/\/chambreavecvue.ch\/wordpress\/reservation-contact\/#primaryimage"},"image":{"@id":"https:\/\/chambreavecvue.ch\/wordpress\/reservation-contact\/#primaryimage"},"thumbnailUrl":"https:\/\/chambreavecvue.ch\/wordpress\/wp-content\/uploads\/2022\/02\/cav15-1.jpeg","datePublished":"2022-02-15T14:09:46+00:00","dateModified":"2022-03-14T16:32:44+00:00","description":"R\u00e9servez la maison de vacances, id\u00e9alement situ\u00e9e entre Lausanne et Montreux, \u00e0 quelques kilom\u00e8tres de Vevey et une heure de Gen\u00e8ve.","breadcrumb":{"@id":"https:\/\/chambreavecvue.ch\/wordpress\/reservation-contact\/#breadcrumb"},"inLanguage":"fr-FR","potentialAction":[{"@type":"ReadAction","target":["https:\/\/chambreavecvue.ch\/wordpress\/reservation-contact\/"]}]},{"@type":"ImageObject","inLanguage":"fr-FR","@id":"https:\/\/chambreavecvue.ch\/wordpress\/reservation-contact\/#primaryimage","url":"https:\/\/chambreavecvue.ch\/wordpress\/wp-content\/uploads\/2022\/02\/cav15-1.jpeg","contentUrl":"https:\/\/chambreavecvue.ch\/wordpress\/wp-content\/uploads\/2022\/02\/cav15-1.jpeg","width":594,"height":600},{"@type":"BreadcrumbList","@id":"https:\/\/chambreavecvue.ch\/wordpress\/reservation-contact\/#breadcrumb","itemListElement":[{"@type":"ListItem","position":1,"name":"Home","item":"https:\/\/chambreavecvue.ch\/wordpress\/"},{"@type":"ListItem","position":2,"name":"R\u00e9servation\u2013contact"}]},{"@type":"WebSite","@id":"https:\/\/chambreavecvue.ch\/wordpress\/#website","url":"https:\/\/chambreavecvue.ch\/wordpress\/","name":"Chambre avec vue","description":"Location de vacances en Lavaux","publisher":{"@id":"https:\/\/chambreavecvue.ch\/wordpress\/#organization"},"potentialAction":[{"@type":"SearchAction","target":{"@type":"EntryPoint","urlTemplate":"https:\/\/chambreavecvue.ch\/wordpress\/?s={search_term_string}"},"query-input":{"@type":"PropertyValueSpecification","valueRequired":true,"valueName":"search_term_string"}}],"inLanguage":"fr-FR"},{"@type":"Organization","@id":"https:\/\/chambreavecvue.ch\/wordpress\/#organization","name":"Chambre avec vue","url":"https:\/\/chambreavecvue.ch\/wordpress\/","logo":{"@type":"ImageObject","inLanguage":"fr-FR","@id":"https:\/\/chambreavecvue.ch\/wordpress\/#\/schema\/logo\/image\/","url":"https:\/\/chambreavecvue.ch\/wordpress\/wp-content\/uploads\/2022\/02\/chambreavecvue_logo_clr.png","contentUrl":"https:\/\/chambreavecvue.ch\/wordpress\/wp-content\/uploads\/2022\/02\/chambreavecvue_logo_clr.png","width":800,"height":473,"caption":"Chambre avec vue"},"image":{"@id":"https:\/\/chambreavecvue.ch\/wordpress\/#\/schema\/logo\/image\/"},"sameAs":["https:\/\/www.instagram.com\/chambreavecvue.ch"]}]}},"_links":{"self":[{"href":"https:\/\/chambreavecvue.ch\/wordpress\/wp-json\/wp\/v2\/pages\/51","targetHints":{"allow":["GET"]}}],"collection":[{"href":"https:\/\/chambreavecvue.ch\/wordpress\/wp-json\/wp\/v2\/pages"}],"about":[{"href":"https:\/\/chambreavecvue.ch\/wordpress\/wp-json\/wp\/v2\/types\/page"}],"author":[{"embeddable":true,"href":"https:\/\/chambreavecvue.ch\/wordpress\/wp-json\/wp\/v2\/users\/1"}],"replies":[{"embeddable":true,"href":"https:\/\/chambreavecvue.ch\/wordpress\/wp-json\/wp\/v2\/comments?post=51"}],"version-history":[{"count":27,"href":"https:\/\/chambreavecvue.ch\/wordpress\/wp-json\/wp\/v2\/pages\/51\/revisions"}],"predecessor-version":[{"id":498,"href":"https:\/\/chambreavecvue.ch\/wordpress\/wp-json\/wp\/v2\/pages\/51\/revisions\/498"}],"wp:featuredmedia":[{"embeddable":true,"href":"https:\/\/chambreavecvue.ch\/wordpress\/wp-json\/wp\/v2\/media\/253"}],"wp:attachment":[{"href":"https:\/\/chambreavecvue.ch\/wordpress\/wp-json\/wp\/v2\/media?parent=51"}],"curies":[{"name":"wp","href":"https:\/\/api.w.org\/{rel}","templated":true}]}}