{"id":45,"date":"2022-02-15T14:07:53","date_gmt":"2022-02-15T14:07:53","guid":{"rendered":"https:\/\/chambreavecvue.ch\/wordpress\/?page_id=45"},"modified":"2022-08-25T08:48:37","modified_gmt":"2022-08-25T08:48:37","slug":"faq","status":"publish","type":"page","link":"https:\/\/chambreavecvue.ch\/wordpress\/faq\/","title":{"rendered":"FAQ"},"content":{"rendered":"\n<div class=\"wp-block-group tw-mt-0 is-style-twentytwentyone-border has-border-color has-subtle-border-color\" style=\"border-width:1px\"><div class=\"wp-block-group__inner-container is-layout-flow wp-block-group-is-layout-flow\">\n<h2 class=\"has-text-color wp-block-heading\" id=\"pourquoi-rivaz-1\" style=\"color:#88aaaa\">Pourquoi Rivaz\u2026<\/h2>\n\n\n\n<h4 class=\"tw-mb-2 wp-block-heading\" id=\"si-je-suis-amoureux\"><strong>\u2026 si je suis amoureux&nbsp;?<\/strong><\/h4>\n\n\n\n<p>Facile : parce que c\u2019est le paradis ! Vous serez g\u00e2t\u00e9s, dans une maison pr\u00e9par\u00e9e rien que pour vous. Vous ferez des grasses matin\u00e9es, profiterez de la vue, d\u00eenerez en t\u00eate \u00e0 t\u00eate dans de petits restaurants romantiques. Nos h\u00f4tes disent souvent de la maison que c\u2019est un petit \u00ab&nbsp;nid d\u2019amour&nbsp;\u00bb. Nous leur faisons toute confiance.<\/p>\n\n\n\n<h4 class=\"tw-mb-2 wp-block-heading\" id=\"si-je-suis-dans-la-region-pour-mon-travail\"><strong>&nbsp;\u2026 si je suis dans la r\u00e9gion pour mon travail&nbsp;?<\/strong><\/h4>\n\n\n\n<p>L\u2019endroit : tr\u00e8s proche de Vevey\/Montreux ou Lausanne \u2013 et le centre de Gen\u00e8ve n\u2019est qu\u2019\u00e0 1h30 si n\u00e9cessaire. De la maison, vous acc\u00e9dez \u00e0 l\u2019autoroute en 5 minutes \u2013 \u00e0 moins que vous ne pr\u00e9f\u00e9riez prendre le train (gare \u00e0 5 minutes \u00e0 pied) ! La qualit\u00e9 de vie : rien de tel que de rentrer du travail \u00e0 la maison et de se relaxer un peu sur la terrasse en m\u00fbrissant un plan pour la soir\u00e9e\u2026 bien s\u00fbr nous proposons une connexion rapide \u00e0 internet via wifi, vous pourrez donc transmettre votre derni\u00e8re nouvelle \u00e0 votre \u00e9diteur d\u00e8s que vous l\u2019aurez termin\u00e9e. Promis, vous n\u2019allez pas regretter votre chambre d\u2019h\u00f4tel habituelle !<\/p>\n\n\n\n<h4 class=\"tw-mb-2 wp-block-heading\" id=\"si-je-rends-visite-a-ma-famille-ou-a-mes-amis\"><strong>\u2026 si je rends visite \u00e0 ma famille ou \u00e0 mes amis&nbsp;?<\/strong><\/h4>\n\n\n\n<p>La r\u00e9gion de Vevey\/Montreux est tr\u00e8s pris\u00e9e de nombreux expatri\u00e9s, nous avons donc fr\u00e9quemment des h\u00f4tes qui rendent visite \u00e0 leurs familles et amis. Un s\u00e9jour dans notre maison de vacances, c\u2019est l\u2019assurance d\u2019\u00eatre proches de ceux que vous aimez, mais aussi de garder votre ind\u00e9pendance !<\/p>\n\n\n\n<h4 class=\"tw-mb-2 wp-block-heading\" id=\"si-je-suis-en-vacances-avec-les-enfants\"><strong>\u2026 si je suis en vacances avec les enfants ?<\/strong><\/h4>\n\n\n\n<p>Parce que la r\u00e9gion regorge de possibilit\u00e9s d\u2019activit\u00e9s avec les enfants. Des cours de cuisine aux ateliers dans les mus\u00e9es en passant par les expos faites expr\u00e8s pour les enfants, les promenades au bord du lac, le vieux carrousel, le zoo, la piscine ou le lac, les balades dans les vignes ou en moyenne montagne, la p\u00eache, la voile, le ski, le shopping\u2026 on s\u2019arr\u00eate l\u00e0 pour l\u2019instant et pour ne pas vous fatiguer ! Peu importe le temps qu\u2019il fait, vous trouverez quelque chose \u00e0 faire que vos enfants vont aimer !<\/p>\n\n\n\n<h4 class=\"tw-mb-2 wp-block-heading\" id=\"si-j-aime-marcher\"><strong>\u2026 si j\u2019aime marcher&nbsp;?<\/strong><\/h4>\n\n\n\n<p>Si vous aimez marcher, vous&nbsp;n\u2019aurez que l\u2019embarras du choix : des douzaines de sentiers entre vigne, villages et villes s\u2019offrent \u00e0 vous\u2026 et la montagne est toute proche si d\u2019aventure vous d\u00e9cidiez d\u2019aller voir le lac d\u2019en haut !<\/p>\n\n\n\n<h4 class=\"tw-mb-2 wp-block-heading\" id=\"si-mon-truc-c-est-plutot-la-culture\"><strong>\u2026 si mon truc, c\u2019est plut\u00f4t la culture&nbsp;?<\/strong><\/h4>\n\n\n\n<p>Mus\u00e9es, salles de concerts, festivals, il y a de nombreux endroits \u00e0 visiter, et pour tous les go\u00fbts. \u00c0 tout moment, il se passe quelque chose dans la r\u00e9gion.<\/p>\n<\/div><\/div>\n\n\n\n<div class=\"wp-block-columns is-layout-flex wp-container-core-columns-is-layout-d0b3c9c8 wp-block-columns-is-layout-flex\">\n<div class=\"wp-block-column is-layout-flow wp-block-column-is-layout-flow\" style=\"--col-width:60%;flex-basis:60%\">\n<div class=\"wp-block-group tw-mt-0 is-style-twentytwentyone-border has-border-color has-subtle-border-color\" style=\"border-width:1px\"><div class=\"wp-block-group__inner-container is-layout-flow wp-block-group-is-layout-flow\">\n<h2 class=\"has-text-color wp-block-heading\" id=\"pourquoi-rivaz-1\" style=\"color:#88aaaa\">R\u00e8gles de vie dans la maison<\/h2>\n\n\n\n<ul class=\"is-style-tw-border-inner wp-block-list\"><li>Merci de\u00a0ne jamais fumer \u00e0 l\u2019int\u00e9rieur de la maison\u00a0! Il y a un cendrier sur la terrasse, et les cigarettes sont bien meilleures en regardant la vue.<\/li><li>La maison est destin\u00e9e \u00e0 un\u00a0usage r\u00e9sidentiel uniquement (pas de f\u00eates ou de r\u00e9unions) ;\u00a0elle ne peut \u00eatre sous-lou\u00e9e \u00e0 quiconque.<\/li><li>La maison ne peut pas \u00eatre utilis\u00e9e par plus de personne que ce qui a \u00e9t\u00e9 convenu \u00e0 la r\u00e9servation. Si d\u2019aventure vous souhaitiez recevoir plus de monde que pr\u00e9vu initialement, merci de nous demander notre accord.<\/li><\/ul>\n<\/div><\/div>\n<\/div>\n\n\n\n<div class=\"wp-block-column is-layout-flow wp-block-column-is-layout-flow\" style=\"--col-width:40%;flex-basis:40%\">\n<div class=\"wp-block-group tw-mt-0 is-style-twentytwentyone-border has-border-color has-subtle-border-color\" style=\"border-width:1px\"><div class=\"wp-block-group__inner-container is-layout-flow wp-block-group-is-layout-flow\">\n<h2 class=\"has-text-color wp-block-heading\" id=\"pourquoi-rivaz-1\" style=\"color:#88aaaa\">Divers<\/h2>\n\n\n\n<h4 class=\"tw-mb-2 wp-block-heading\" id=\"que-vais-je-trouver-dans-la-maison-a-votre-arrivee-les-lits-seront-faits-et-nous-fournissons-les-draps-les-serviettes-de-bain-et-le-linge-de-cuisine-merci-de-prendre-vos-propres-serviettes-de-bain-pour-la-plage-nous-laissons-un-fond-de-cuisine-avec-de-l-huile-du-vinaigre-du-the-des-epices-du-cafe-nos-hotes-remplacent-ce-qu-ils-ont-utilise-a-leur-depart-et-parfois-laissent-ce-qu-ils-ne-desireraient-pas-emporter-pour-les-hotes-suivants-comment-se-fait-il-que-les-coussins-du-canape-ne-soient-pas-ceux-qu-on-voit-sur-les-photos-sophie-est-sans-arret-en-train-de-deplacer-des-choses-dans-la-maison-d-essayer-de-nouveaux-trucs-deco-etc-il-y-a-donc-du-mouvement-mais-l-esprit-reste\"><strong>Que vais-je trouver dans la maison ?<\/strong><\/h4>\n\n\n\n<p id=\"que-vais-je-trouver-dans-la-maison-a-votre-arrivee-les-lits-seront-faits-et-nous-fournissons-les-draps-les-serviettes-de-bain-et-le-linge-de-cuisine-merci-de-prendre-vos-propres-serviettes-de-bain-pour-la-plage-nous-laissons-un-fond-de-cuisine-avec-de-l-huile-du-vinaigre-du-the-des-epices-du-cafe-nos-hotes-remplacent-ce-qu-ils-ont-utilise-a-leur-depart-et-parfois-laissent-ce-qu-ils-ne-desireraient-pas-emporter-pour-les-hotes-suivants-comment-se-fait-il-que-les-coussins-du-canape-ne-soient-pas-ceux-qu-on-voit-sur-les-photos-sophie-est-sans-arret-en-train-de-deplacer-des-choses-dans-la-maison-d-essayer-de-nouveaux-trucs-deco-etc-il-y-a-donc-du-mouvement-mais-l-esprit-reste\">\u00c0 votre arriv\u00e9e, les lits seront faits, et nous fournissons les draps, les serviettes de bain et le linge de cuisine. Merci de prendre vos propres serviettes de bain pour la plage. Nous laissons un fond de cuisine avec de l\u2019huile, du vinaigre, du th\u00e9, des \u00e9pices, du caf\u00e9\u2026 Nos h\u00f4tes remplacent ce qu\u2019ils ont utilis\u00e9 \u00e0 leur d\u00e9part, et parfois laissent ce qu\u2019ils ne d\u00e9sireraient pas emporter pour les h\u00f4tes suivants.<\/p>\n\n\n\n<h4 class=\"tw-mb-2 wp-block-heading\" id=\"que-vais-je-trouver-dans-la-maison-a-votre-arrivee-les-lits-seront-faits-et-nous-fournissons-les-draps-les-serviettes-de-bain-et-le-linge-de-cuisine-merci-de-prendre-vos-propres-serviettes-de-bain-pour-la-plage-nous-laissons-un-fond-de-cuisine-avec-de-l-huile-du-vinaigre-du-the-des-epices-du-cafe-nos-hotes-remplacent-ce-qu-ils-ont-utilise-a-leur-depart-et-parfois-laissent-ce-qu-ils-ne-desireraient-pas-emporter-pour-les-hotes-suivants-comment-se-fait-il-que-les-coussins-du-canape-ne-soient-pas-ceux-qu-on-voit-sur-les-photos-sophie-est-sans-arret-en-train-de-deplacer-des-choses-dans-la-maison-d-essayer-de-nouveaux-trucs-deco-etc-il-y-a-donc-du-mouvement-mais-l-esprit-reste\"><strong>Comment se fait-il que les coussins du canap\u00e9 ne soient pas ceux qu\u2019on voit sur les photos ?<\/strong><\/h4>\n\n\n\n<p id=\"que-vais-je-trouver-dans-la-maison-a-votre-arrivee-les-lits-seront-faits-et-nous-fournissons-les-draps-les-serviettes-de-bain-et-le-linge-de-cuisine-merci-de-prendre-vos-propres-serviettes-de-bain-pour-la-plage-nous-laissons-un-fond-de-cuisine-avec-de-l-huile-du-vinaigre-du-the-des-epices-du-cafe-nos-hotes-remplacent-ce-qu-ils-ont-utilise-a-leur-depart-et-parfois-laissent-ce-qu-ils-ne-desireraient-pas-emporter-pour-les-hotes-suivants-comment-se-fait-il-que-les-coussins-du-canape-ne-soient-pas-ceux-qu-on-voit-sur-les-photos-sophie-est-sans-arret-en-train-de-deplacer-des-choses-dans-la-maison-d-essayer-de-nouveaux-trucs-deco-etc-il-y-a-donc-du-mouvement-mais-l-esprit-reste\">Sophie est sans arr\u00eat en train de d\u00e9placer des choses dans la maison, d\u2019essayer de nouveaux trucs d\u00e9co etc, il y a donc du mouvement, mais l\u2019esprit reste!<\/p>\n<\/div><\/div>\n<\/div>\n<\/div>\n\n\n\n<div class=\"wp-block-group tw-mt-0 is-style-twentytwentyone-border has-border-color has-subtle-border-color\" style=\"border-width:1px\"><div class=\"wp-block-group__inner-container is-layout-flow wp-block-group-is-layout-flow\">\n<h2 class=\"has-text-color wp-block-heading\" id=\"pourquoi-rivaz-1\" style=\"color:#88aaaa\"><strong>Transports<\/strong><\/h2>\n\n\n\n<h4 class=\"tw-mb-2 wp-block-heading\" id=\"si-je-suis-amoureux\"><strong><strong><strong><strong>O\u00f9 vais-je parquer ma voiture pendant mon s\u00e9jour&nbsp;?<\/strong><\/strong><\/strong><\/strong><\/h4>\n\n\n\n<p>Nous vous remettrons un pass pour un parking souterrain tout proche de la maison \u2013 comme il est enterr\u00e9 sous la vigne, il y a m\u00eame de bonnes chances que nous devions vous expliquer o\u00f9 il se trouve!<\/p>\n\n\n\n<h4 class=\"tw-mb-2 wp-block-heading\" id=\"si-je-suis-dans-la-region-pour-mon-travail\"><strong><strong><strong><strong>Et si je n\u2019ai pas de voiture ? Puis-je voyager avec le train ?<\/strong><\/strong><\/strong><\/strong><\/h4>\n\n\n\n<p>Il est tr\u00e8s facile de venir \u00e0 Rivaz en train, et vous n\u2019avez certainement pas besoin d\u2019une voiture pour tirer le maximum de votre s\u00e9jour, comme de nombreux h\u00f4tes nous l\u2019ont confirm\u00e9. La gare est \u00e0 5 minutes \u00e0 pied de la maison et il y a un train par heure en direction de Vevey et de Lausanne. Nous vous remettrons \u00e9galement pour la dur\u00e9e de votre s\u00e9jour un passe pour le train, bus et m\u00e9tro valable&nbsp;entre Villeneuve et Lausanne inclus. Vous pouvez \u00e9galement louer des v\u00e9los, \u00e0 Vevey o\u00f9 \u00e0 Lausanne.<\/p>\n<\/div><\/div>\n\n\n\n<div class=\"wp-block-group tw-mt-0 is-style-twentytwentyone-border has-border-color has-subtle-border-color\" style=\"border-width:1px\"><div class=\"wp-block-group__inner-container is-layout-flow wp-block-group-is-layout-flow\">\n<h2 class=\"has-text-color wp-block-heading\" id=\"pourquoi-rivaz-1\" style=\"color:#88aaaa\">Shopping<\/h2>\n\n\n\n<h4 class=\"tw-mb-2 wp-block-heading\" id=\"si-je-suis-amoureux\"><strong><strong><strong><strong><strong>O\u00f9 puis-je faire mes courses&nbsp;?<\/strong><\/strong><\/strong><\/strong><\/strong><\/h4>\n\n\n\n<p>Les \u00e9piceries les plus proches sont \u00e0 Chexbres, atteignable \u00e0 pied si vous n\u2019avez pas peur de la pente ! Il y a une Coop, des boulangeries, des banques, des restaurants et divers magasins, certains \u00e9galement ouverts le dimanche. Si vous voulez plus de choix, direction Vevey o\u00f9 vous trouverez des supermarch\u00e9s, ainsi qu\u2019un march\u00e9 de fruits et l\u00e9gumes et de produits locaux le mardi et le samedi matin.<\/p>\n\n\n\n<h4 class=\"tw-mb-2 wp-block-heading\" id=\"si-je-suis-dans-la-region-pour-mon-travail\"><strong>D\u00e9guster ou acheter du vin<\/strong><\/h4>\n\n\n\n<p>Il y a de nombreux vignerons dans le village. Parfois, vous passerez&nbsp;devant&nbsp;une cave, et vous y trouverez le vigneron, d\u2019autres fois vous organiserez votre visite \u00e0 l\u2019avance. Nous avons nos favoris, voisins et amis, c\u2019est avec plaisir que nous prendrons rendez-vous pour vous pour une d\u00e9gustations et vous conseillerons&nbsp;!<\/p>\n<\/div><\/div>\n","protected":false},"excerpt":{"rendered":"<p>Pourquoi Rivaz\u2026 \u2026 si je suis amoureux&nbsp;? Facile : parce que c\u2019est le paradis ! Vous serez g\u00e2t\u00e9s, dans une maison pr\u00e9par\u00e9e rien que pour vous. Vous ferez des grasses matin\u00e9es, profiterez de la vue, d\u00eenerez en t\u00eate \u00e0 t\u00eate dans de petits restaurants romantiques. Nos h\u00f4tes disent souvent de la maison que c\u2019est un&hellip; <a class=\"more-link\" href=\"https:\/\/chambreavecvue.ch\/wordpress\/faq\/\">Poursuivre la lecture <span class=\"screen-reader-text\">FAQ<\/span><\/a><\/p>\n","protected":false},"author":1,"featured_media":263,"parent":0,"menu_order":0,"comment_status":"closed","ping_status":"closed","template":"tw-no-title.php","meta":{"ngg_post_thumbnail":0,"footnotes":"","_links_to":"","_links_to_target":""},"class_list":["post-45","page","type-page","status-publish","has-post-thumbnail","hentry","entry"],"yoast_head":"<!-- This site is optimized with the Yoast SEO plugin v27.4 - https:\/\/yoast.com\/product\/yoast-seo-wordpress\/ -->\n<title>FAQ - Chambre avec vue<\/title>\n<meta name=\"description\" content=\"Pourquoi Rivaz? Que vous soyez amoureux, en famille, en d\u00e9placement professionnel ou pour rendre visite \u00e0 des amis, le cadre est id\u00e9al.\" \/>\n<meta name=\"robots\" content=\"index, follow, max-snippet:-1, max-image-preview:large, max-video-preview:-1\" \/>\n<link rel=\"canonical\" href=\"https:\/\/chambreavecvue.ch\/wordpress\/faq\/\" \/>\n<meta property=\"og:locale\" content=\"fr_FR\" \/>\n<meta property=\"og:type\" content=\"article\" \/>\n<meta property=\"og:title\" content=\"FAQ - Chambre avec vue\" \/>\n<meta property=\"og:description\" content=\"Pourquoi Rivaz? Que vous soyez amoureux, en famille, en d\u00e9placement professionnel ou pour rendre visite \u00e0 des amis, le cadre est id\u00e9al.\" \/>\n<meta property=\"og:url\" content=\"https:\/\/chambreavecvue.ch\/wordpress\/faq\/\" \/>\n<meta property=\"og:site_name\" content=\"Chambre avec vue\" \/>\n<meta property=\"article:modified_time\" content=\"2022-08-25T08:48:37+00:00\" \/>\n<meta property=\"og:image\" content=\"https:\/\/chambreavecvue.ch\/wordpress\/wp-content\/uploads\/2022\/02\/cav30.jpeg\" \/>\n\t<meta property=\"og:image:width\" content=\"900\" \/>\n\t<meta property=\"og:image:height\" content=\"599\" \/>\n\t<meta property=\"og:image:type\" content=\"image\/jpeg\" \/>\n<meta name=\"twitter:card\" content=\"summary_large_image\" \/>\n<meta name=\"twitter:label1\" content=\"Dur\u00e9e de lecture estim\u00e9e\" \/>\n\t<meta name=\"twitter:data1\" content=\"5 minutes\" \/>\n<script type=\"application\/ld+json\" class=\"yoast-schema-graph\">{\"@context\":\"https:\\\/\\\/schema.org\",\"@graph\":[{\"@type\":\"WebPage\",\"@id\":\"https:\\\/\\\/chambreavecvue.ch\\\/wordpress\\\/faq\\\/\",\"url\":\"https:\\\/\\\/chambreavecvue.ch\\\/wordpress\\\/faq\\\/\",\"name\":\"FAQ - Chambre avec vue\",\"isPartOf\":{\"@id\":\"https:\\\/\\\/chambreavecvue.ch\\\/wordpress\\\/#website\"},\"primaryImageOfPage\":{\"@id\":\"https:\\\/\\\/chambreavecvue.ch\\\/wordpress\\\/faq\\\/#primaryimage\"},\"image\":{\"@id\":\"https:\\\/\\\/chambreavecvue.ch\\\/wordpress\\\/faq\\\/#primaryimage\"},\"thumbnailUrl\":\"https:\\\/\\\/chambreavecvue.ch\\\/wordpress\\\/wp-content\\\/uploads\\\/2022\\\/02\\\/cav30.jpeg\",\"datePublished\":\"2022-02-15T14:07:53+00:00\",\"dateModified\":\"2022-08-25T08:48:37+00:00\",\"description\":\"Pourquoi Rivaz? Que vous soyez amoureux, en famille, en d\u00e9placement professionnel ou pour rendre visite \u00e0 des amis, le cadre est id\u00e9al.\",\"breadcrumb\":{\"@id\":\"https:\\\/\\\/chambreavecvue.ch\\\/wordpress\\\/faq\\\/#breadcrumb\"},\"inLanguage\":\"fr-FR\",\"potentialAction\":[{\"@type\":\"ReadAction\",\"target\":[\"https:\\\/\\\/chambreavecvue.ch\\\/wordpress\\\/faq\\\/\"]}]},{\"@type\":\"ImageObject\",\"inLanguage\":\"fr-FR\",\"@id\":\"https:\\\/\\\/chambreavecvue.ch\\\/wordpress\\\/faq\\\/#primaryimage\",\"url\":\"https:\\\/\\\/chambreavecvue.ch\\\/wordpress\\\/wp-content\\\/uploads\\\/2022\\\/02\\\/cav30.jpeg\",\"contentUrl\":\"https:\\\/\\\/chambreavecvue.ch\\\/wordpress\\\/wp-content\\\/uploads\\\/2022\\\/02\\\/cav30.jpeg\",\"width\":900,\"height\":599,\"caption\":\"Coucher de soleil sur Lavaux\"},{\"@type\":\"BreadcrumbList\",\"@id\":\"https:\\\/\\\/chambreavecvue.ch\\\/wordpress\\\/faq\\\/#breadcrumb\",\"itemListElement\":[{\"@type\":\"ListItem\",\"position\":1,\"name\":\"Home\",\"item\":\"https:\\\/\\\/chambreavecvue.ch\\\/wordpress\\\/\"},{\"@type\":\"ListItem\",\"position\":2,\"name\":\"FAQ\"}]},{\"@type\":\"WebSite\",\"@id\":\"https:\\\/\\\/chambreavecvue.ch\\\/wordpress\\\/#website\",\"url\":\"https:\\\/\\\/chambreavecvue.ch\\\/wordpress\\\/\",\"name\":\"Chambre avec vue\",\"description\":\"Location de vacances en Lavaux\",\"publisher\":{\"@id\":\"https:\\\/\\\/chambreavecvue.ch\\\/wordpress\\\/#organization\"},\"potentialAction\":[{\"@type\":\"SearchAction\",\"target\":{\"@type\":\"EntryPoint\",\"urlTemplate\":\"https:\\\/\\\/chambreavecvue.ch\\\/wordpress\\\/?s={search_term_string}\"},\"query-input\":{\"@type\":\"PropertyValueSpecification\",\"valueRequired\":true,\"valueName\":\"search_term_string\"}}],\"inLanguage\":\"fr-FR\"},{\"@type\":\"Organization\",\"@id\":\"https:\\\/\\\/chambreavecvue.ch\\\/wordpress\\\/#organization\",\"name\":\"Chambre avec vue\",\"url\":\"https:\\\/\\\/chambreavecvue.ch\\\/wordpress\\\/\",\"logo\":{\"@type\":\"ImageObject\",\"inLanguage\":\"fr-FR\",\"@id\":\"https:\\\/\\\/chambreavecvue.ch\\\/wordpress\\\/#\\\/schema\\\/logo\\\/image\\\/\",\"url\":\"https:\\\/\\\/chambreavecvue.ch\\\/wordpress\\\/wp-content\\\/uploads\\\/2022\\\/02\\\/chambreavecvue_logo_clr.png\",\"contentUrl\":\"https:\\\/\\\/chambreavecvue.ch\\\/wordpress\\\/wp-content\\\/uploads\\\/2022\\\/02\\\/chambreavecvue_logo_clr.png\",\"width\":800,\"height\":473,\"caption\":\"Chambre avec vue\"},\"image\":{\"@id\":\"https:\\\/\\\/chambreavecvue.ch\\\/wordpress\\\/#\\\/schema\\\/logo\\\/image\\\/\"},\"sameAs\":[\"https:\\\/\\\/www.instagram.com\\\/chambreavecvue.ch\"]}]}<\/script>\n<!-- \/ Yoast SEO plugin. -->","yoast_head_json":{"title":"FAQ - Chambre avec vue","description":"Pourquoi Rivaz? Que vous soyez amoureux, en famille, en d\u00e9placement professionnel ou pour rendre visite \u00e0 des amis, le cadre est id\u00e9al.","robots":{"index":"index","follow":"follow","max-snippet":"max-snippet:-1","max-image-preview":"max-image-preview:large","max-video-preview":"max-video-preview:-1"},"canonical":"https:\/\/chambreavecvue.ch\/wordpress\/faq\/","og_locale":"fr_FR","og_type":"article","og_title":"FAQ - Chambre avec vue","og_description":"Pourquoi Rivaz? Que vous soyez amoureux, en famille, en d\u00e9placement professionnel ou pour rendre visite \u00e0 des amis, le cadre est id\u00e9al.","og_url":"https:\/\/chambreavecvue.ch\/wordpress\/faq\/","og_site_name":"Chambre avec vue","article_modified_time":"2022-08-25T08:48:37+00:00","og_image":[{"width":900,"height":599,"url":"https:\/\/chambreavecvue.ch\/wordpress\/wp-content\/uploads\/2022\/02\/cav30.jpeg","type":"image\/jpeg"}],"twitter_card":"summary_large_image","twitter_misc":{"Dur\u00e9e de lecture estim\u00e9e":"5 minutes"},"schema":{"@context":"https:\/\/schema.org","@graph":[{"@type":"WebPage","@id":"https:\/\/chambreavecvue.ch\/wordpress\/faq\/","url":"https:\/\/chambreavecvue.ch\/wordpress\/faq\/","name":"FAQ - Chambre avec vue","isPartOf":{"@id":"https:\/\/chambreavecvue.ch\/wordpress\/#website"},"primaryImageOfPage":{"@id":"https:\/\/chambreavecvue.ch\/wordpress\/faq\/#primaryimage"},"image":{"@id":"https:\/\/chambreavecvue.ch\/wordpress\/faq\/#primaryimage"},"thumbnailUrl":"https:\/\/chambreavecvue.ch\/wordpress\/wp-content\/uploads\/2022\/02\/cav30.jpeg","datePublished":"2022-02-15T14:07:53+00:00","dateModified":"2022-08-25T08:48:37+00:00","description":"Pourquoi Rivaz? Que vous soyez amoureux, en famille, en d\u00e9placement professionnel ou pour rendre visite \u00e0 des amis, le cadre est id\u00e9al.","breadcrumb":{"@id":"https:\/\/chambreavecvue.ch\/wordpress\/faq\/#breadcrumb"},"inLanguage":"fr-FR","potentialAction":[{"@type":"ReadAction","target":["https:\/\/chambreavecvue.ch\/wordpress\/faq\/"]}]},{"@type":"ImageObject","inLanguage":"fr-FR","@id":"https:\/\/chambreavecvue.ch\/wordpress\/faq\/#primaryimage","url":"https:\/\/chambreavecvue.ch\/wordpress\/wp-content\/uploads\/2022\/02\/cav30.jpeg","contentUrl":"https:\/\/chambreavecvue.ch\/wordpress\/wp-content\/uploads\/2022\/02\/cav30.jpeg","width":900,"height":599,"caption":"Coucher de soleil sur Lavaux"},{"@type":"BreadcrumbList","@id":"https:\/\/chambreavecvue.ch\/wordpress\/faq\/#breadcrumb","itemListElement":[{"@type":"ListItem","position":1,"name":"Home","item":"https:\/\/chambreavecvue.ch\/wordpress\/"},{"@type":"ListItem","position":2,"name":"FAQ"}]},{"@type":"WebSite","@id":"https:\/\/chambreavecvue.ch\/wordpress\/#website","url":"https:\/\/chambreavecvue.ch\/wordpress\/","name":"Chambre avec vue","description":"Location de vacances en Lavaux","publisher":{"@id":"https:\/\/chambreavecvue.ch\/wordpress\/#organization"},"potentialAction":[{"@type":"SearchAction","target":{"@type":"EntryPoint","urlTemplate":"https:\/\/chambreavecvue.ch\/wordpress\/?s={search_term_string}"},"query-input":{"@type":"PropertyValueSpecification","valueRequired":true,"valueName":"search_term_string"}}],"inLanguage":"fr-FR"},{"@type":"Organization","@id":"https:\/\/chambreavecvue.ch\/wordpress\/#organization","name":"Chambre avec vue","url":"https:\/\/chambreavecvue.ch\/wordpress\/","logo":{"@type":"ImageObject","inLanguage":"fr-FR","@id":"https:\/\/chambreavecvue.ch\/wordpress\/#\/schema\/logo\/image\/","url":"https:\/\/chambreavecvue.ch\/wordpress\/wp-content\/uploads\/2022\/02\/chambreavecvue_logo_clr.png","contentUrl":"https:\/\/chambreavecvue.ch\/wordpress\/wp-content\/uploads\/2022\/02\/chambreavecvue_logo_clr.png","width":800,"height":473,"caption":"Chambre avec vue"},"image":{"@id":"https:\/\/chambreavecvue.ch\/wordpress\/#\/schema\/logo\/image\/"},"sameAs":["https:\/\/www.instagram.com\/chambreavecvue.ch"]}]}},"_links":{"self":[{"href":"https:\/\/chambreavecvue.ch\/wordpress\/wp-json\/wp\/v2\/pages\/45","targetHints":{"allow":["GET"]}}],"collection":[{"href":"https:\/\/chambreavecvue.ch\/wordpress\/wp-json\/wp\/v2\/pages"}],"about":[{"href":"https:\/\/chambreavecvue.ch\/wordpress\/wp-json\/wp\/v2\/types\/page"}],"author":[{"embeddable":true,"href":"https:\/\/chambreavecvue.ch\/wordpress\/wp-json\/wp\/v2\/users\/1"}],"replies":[{"embeddable":true,"href":"https:\/\/chambreavecvue.ch\/wordpress\/wp-json\/wp\/v2\/comments?post=45"}],"version-history":[{"count":14,"href":"https:\/\/chambreavecvue.ch\/wordpress\/wp-json\/wp\/v2\/pages\/45\/revisions"}],"predecessor-version":[{"id":649,"href":"https:\/\/chambreavecvue.ch\/wordpress\/wp-json\/wp\/v2\/pages\/45\/revisions\/649"}],"wp:featuredmedia":[{"embeddable":true,"href":"https:\/\/chambreavecvue.ch\/wordpress\/wp-json\/wp\/v2\/media\/263"}],"wp:attachment":[{"href":"https:\/\/chambreavecvue.ch\/wordpress\/wp-json\/wp\/v2\/media?parent=45"}],"curies":[{"name":"wp","href":"https:\/\/api.w.org\/{rel}","templated":true}]}}