{"id":43,"date":"2022-02-15T14:06:42","date_gmt":"2022-02-15T14:06:42","guid":{"rendered":"https:\/\/chambreavecvue.ch\/wordpress\/?page_id=43"},"modified":"2026-03-02T09:53:59","modified_gmt":"2026-03-02T09:53:59","slug":"conditions","status":"publish","type":"page","link":"https:\/\/chambreavecvue.ch\/wordpress\/conditions\/","title":{"rendered":"conditions &#038; prix"},"content":{"rendered":"\n<div class=\"wp-block-group tw-mt-0 is-style-twentytwentyone-border has-border-color has-subtle-border-color\" style=\"border-width:1px\"><div class=\"wp-block-group__inner-container is-layout-flow wp-block-group-is-layout-flow\">\n<h2 class=\"wp-block-heading has-text-color\" id=\"nos-prix-tout-inclus-1\" style=\"color:#88aaaa\"><strong>Nos prix tout inclus<\/strong><\/h2>\n\n\n\n<ul id=\"block-3de0ff9f-7cd4-4d10-af3e-65c07ac5c293\" class=\"wp-block-list is-style-tw-border-inner\">\n<li><strong>De novembre \u00e0 mars<\/strong> : CHF 1000.- par semaine, (nous pouvons louer la maison \u00e0 partir d\u2019une nuit)<\/li>\n\n\n\n<li><strong>D\u2019avril \u00e0 juin, et en octobre :<\/strong> CHF 1\u2019300.- par semaine<\/li>\n\n\n\n<li><strong>De juillet \u00e0 septembre : <\/strong>CHF 1\u2019500.- par semaine\u00a0<\/li>\n<\/ul>\n\n\n\n<p class=\"has-small-font-size\">Ces prix s\u2019entendent pour deux personnes, chaque personne suppl\u00e9mentaire sera factur\u00e9e CHF 100.-\u00a0par s\u00e9jour. Nos prix comprennent les draps et linges de bain, le parking, les charges et le nettoyage\u00a0final.<\/p>\n<\/div><\/div>\n\n\n\n<div class=\"wp-block-columns is-layout-flex wp-container-core-columns-is-layout-d0b3c9c8 wp-block-columns-is-layout-flex\">\n<div class=\"wp-block-column is-layout-flow wp-block-column-is-layout-flow\">\n<div class=\"wp-block-group is-style-twentytwentyone-border has-border-color has-subtle-border-color\" style=\"border-width:1px\"><div class=\"wp-block-group__inner-container is-layout-flow wp-block-group-is-layout-flow\">\n<h3 class=\"wp-block-heading has-text-color\" id=\"nos-prix-tout-inclus-1\" style=\"color:#88aaaa\"><strong>R\u00e9servation<\/strong><\/h3>\n\n\n\n<p class=\"tw-text-wide\">Merci d\u2019utiliser le&nbsp;<a href=\"https:\/\/chambreavecvue.ch\/wordpress\/reservation\/\">formulaire de contact<\/a> pour nous&nbsp;faire une demande ou si vous avez une question.<\/p>\n\n\n\n<p>Nous louons habituellement la maison pour une dur\u00e9e d\u2019une semaine&nbsp;(du samedi au samedi); il est aussi possible de la louer pour une plus courte p\u00e9riode, ou pour plusieurs semaines, en basse ou moyenne saison. Le cas \u00e9ch\u00e9ant, discutons-en !<\/p>\n\n\n\n<p>L\u2019arriv\u00e9e se fait entre 16 et 21 heures et le&nbsp;d\u00e9part avant&nbsp;10 heures.<\/p>\n<\/div><\/div>\n<\/div>\n\n\n\n<div class=\"wp-block-column is-layout-flow wp-block-column-is-layout-flow\">\n<div class=\"wp-block-group is-style-twentytwentyone-border has-border-color has-subtle-border-color\" style=\"border-width:1px\"><div class=\"wp-block-group__inner-container is-layout-flow wp-block-group-is-layout-flow\">\n<h3 class=\"wp-block-heading has-text-color\" id=\"nos-prix-tout-inclus-1\" style=\"color:#88aaaa\"><strong>Conditions de paiement<\/strong><\/h3>\n\n\n\n<p>Nous pr\u00e9f\u00e9rons que le paiement soit fait \u00e0 l\u2019avance, en francs suisses, par virement bancaire. Si cela ne vous convient pas, dites-le nous et nous trouverons une autre solution.<\/p>\n<\/div><\/div>\n\n\n\n<div class=\"wp-block-group is-style-twentytwentyone-border has-border-color has-subtle-border-color\" style=\"border-width:1px\"><div class=\"wp-block-group__inner-container is-layout-flow wp-block-group-is-layout-flow\">\n<h3 class=\"wp-block-heading has-text-color\" id=\"nos-prix-tout-inclus-1\" style=\"color:#88aaaa\"><strong>Annulation<\/strong><\/h3>\n\n\n\n<p>En cas d\u2019annulation au moins 2 mois \u00e0 l\u2019avance, nous vous remboursons int\u00e9gralement. Nous ne pourrons pas vous rembourser si l\u2019annulation est faite moins de 2 mois \u00e0 l\u2019avance. En cas de non pr\u00e9sentation, le prix de votre s\u00e9jour est int\u00e9gralement d\u00fb.<\/p>\n<\/div><\/div>\n<\/div>\n<\/div>\n","protected":false},"excerpt":{"rendered":"<p>Nos prix tout inclus Ces prix s\u2019entendent pour deux personnes, chaque personne suppl\u00e9mentaire sera factur\u00e9e CHF 100.-\u00a0par s\u00e9jour. Nos prix comprennent les draps et linges de bain, le parking, les charges et le nettoyage\u00a0final. R\u00e9servation Merci d\u2019utiliser le&nbsp;formulaire de contact pour nous&nbsp;faire une demande ou si vous avez une question. Nous louons habituellement la maison&hellip; <a class=\"more-link\" href=\"https:\/\/chambreavecvue.ch\/wordpress\/conditions\/\">Poursuivre la lecture <span class=\"screen-reader-text\">conditions &#038; prix<\/span><\/a><\/p>\n","protected":false},"author":1,"featured_media":233,"parent":0,"menu_order":0,"comment_status":"closed","ping_status":"closed","template":"tw-no-title.php","meta":{"ngg_post_thumbnail":0,"footnotes":"","_links_to":"","_links_to_target":""},"class_list":["post-43","page","type-page","status-publish","has-post-thumbnail","hentry","entry"],"yoast_head":"<!-- This site is optimized with the Yoast SEO plugin v27.3 - https:\/\/yoast.com\/product\/yoast-seo-wordpress\/ -->\n<title>conditions &amp; prix - Chambre avec vue<\/title>\n<meta name=\"description\" content=\"Conditions et prix de location pour notre maison d&#039;h\u00f4tes, id\u00e9alement situ\u00e9e au c\u0153ur du Lavaux, entre Montreux et Lausanne.\" \/>\n<meta name=\"robots\" content=\"index, follow, max-snippet:-1, max-image-preview:large, max-video-preview:-1\" \/>\n<link rel=\"canonical\" href=\"https:\/\/chambreavecvue.ch\/wordpress\/conditions\/\" \/>\n<meta property=\"og:locale\" content=\"fr_FR\" \/>\n<meta property=\"og:type\" content=\"article\" \/>\n<meta property=\"og:title\" content=\"conditions &amp; prix - Chambre avec vue\" \/>\n<meta property=\"og:description\" content=\"Conditions et prix de location pour notre maison d&#039;h\u00f4tes, id\u00e9alement situ\u00e9e au c\u0153ur du Lavaux, entre Montreux et Lausanne.\" \/>\n<meta property=\"og:url\" content=\"https:\/\/chambreavecvue.ch\/wordpress\/conditions\/\" \/>\n<meta property=\"og:site_name\" content=\"Chambre avec vue\" \/>\n<meta property=\"article:modified_time\" content=\"2026-03-02T09:53:59+00:00\" \/>\n<meta property=\"og:image\" content=\"https:\/\/chambreavecvue.ch\/wordpress\/wp-content\/uploads\/2022\/02\/maison_terrasse-039.jpeg\" \/>\n\t<meta property=\"og:image:width\" content=\"900\" \/>\n\t<meta property=\"og:image:height\" content=\"599\" \/>\n\t<meta property=\"og:image:type\" content=\"image\/jpeg\" \/>\n<meta name=\"twitter:card\" content=\"summary_large_image\" \/>\n<meta name=\"twitter:label1\" content=\"Dur\u00e9e de lecture estim\u00e9e\" \/>\n\t<meta name=\"twitter:data1\" content=\"2 minutes\" \/>\n<script type=\"application\/ld+json\" class=\"yoast-schema-graph\">{\"@context\":\"https:\\\/\\\/schema.org\",\"@graph\":[{\"@type\":\"WebPage\",\"@id\":\"https:\\\/\\\/chambreavecvue.ch\\\/wordpress\\\/conditions\\\/\",\"url\":\"https:\\\/\\\/chambreavecvue.ch\\\/wordpress\\\/conditions\\\/\",\"name\":\"conditions & prix - Chambre avec vue\",\"isPartOf\":{\"@id\":\"https:\\\/\\\/chambreavecvue.ch\\\/wordpress\\\/#website\"},\"primaryImageOfPage\":{\"@id\":\"https:\\\/\\\/chambreavecvue.ch\\\/wordpress\\\/conditions\\\/#primaryimage\"},\"image\":{\"@id\":\"https:\\\/\\\/chambreavecvue.ch\\\/wordpress\\\/conditions\\\/#primaryimage\"},\"thumbnailUrl\":\"https:\\\/\\\/chambreavecvue.ch\\\/wordpress\\\/wp-content\\\/uploads\\\/2022\\\/02\\\/maison_terrasse-039.jpeg\",\"datePublished\":\"2022-02-15T14:06:42+00:00\",\"dateModified\":\"2026-03-02T09:53:59+00:00\",\"description\":\"Conditions et prix de location pour notre maison d'h\u00f4tes, id\u00e9alement situ\u00e9e au c\u0153ur du Lavaux, entre Montreux et Lausanne.\",\"breadcrumb\":{\"@id\":\"https:\\\/\\\/chambreavecvue.ch\\\/wordpress\\\/conditions\\\/#breadcrumb\"},\"inLanguage\":\"fr-FR\",\"potentialAction\":[{\"@type\":\"ReadAction\",\"target\":[\"https:\\\/\\\/chambreavecvue.ch\\\/wordpress\\\/conditions\\\/\"]}]},{\"@type\":\"ImageObject\",\"inLanguage\":\"fr-FR\",\"@id\":\"https:\\\/\\\/chambreavecvue.ch\\\/wordpress\\\/conditions\\\/#primaryimage\",\"url\":\"https:\\\/\\\/chambreavecvue.ch\\\/wordpress\\\/wp-content\\\/uploads\\\/2022\\\/02\\\/maison_terrasse-039.jpeg\",\"contentUrl\":\"https:\\\/\\\/chambreavecvue.ch\\\/wordpress\\\/wp-content\\\/uploads\\\/2022\\\/02\\\/maison_terrasse-039.jpeg\",\"width\":900,\"height\":599},{\"@type\":\"BreadcrumbList\",\"@id\":\"https:\\\/\\\/chambreavecvue.ch\\\/wordpress\\\/conditions\\\/#breadcrumb\",\"itemListElement\":[{\"@type\":\"ListItem\",\"position\":1,\"name\":\"Home\",\"item\":\"https:\\\/\\\/chambreavecvue.ch\\\/wordpress\\\/\"},{\"@type\":\"ListItem\",\"position\":2,\"name\":\"conditions &#038; prix\"}]},{\"@type\":\"WebSite\",\"@id\":\"https:\\\/\\\/chambreavecvue.ch\\\/wordpress\\\/#website\",\"url\":\"https:\\\/\\\/chambreavecvue.ch\\\/wordpress\\\/\",\"name\":\"Chambre avec vue\",\"description\":\"Location de vacances en Lavaux\",\"publisher\":{\"@id\":\"https:\\\/\\\/chambreavecvue.ch\\\/wordpress\\\/#organization\"},\"potentialAction\":[{\"@type\":\"SearchAction\",\"target\":{\"@type\":\"EntryPoint\",\"urlTemplate\":\"https:\\\/\\\/chambreavecvue.ch\\\/wordpress\\\/?s={search_term_string}\"},\"query-input\":{\"@type\":\"PropertyValueSpecification\",\"valueRequired\":true,\"valueName\":\"search_term_string\"}}],\"inLanguage\":\"fr-FR\"},{\"@type\":\"Organization\",\"@id\":\"https:\\\/\\\/chambreavecvue.ch\\\/wordpress\\\/#organization\",\"name\":\"Chambre avec vue\",\"url\":\"https:\\\/\\\/chambreavecvue.ch\\\/wordpress\\\/\",\"logo\":{\"@type\":\"ImageObject\",\"inLanguage\":\"fr-FR\",\"@id\":\"https:\\\/\\\/chambreavecvue.ch\\\/wordpress\\\/#\\\/schema\\\/logo\\\/image\\\/\",\"url\":\"https:\\\/\\\/chambreavecvue.ch\\\/wordpress\\\/wp-content\\\/uploads\\\/2022\\\/02\\\/chambreavecvue_logo_clr.png\",\"contentUrl\":\"https:\\\/\\\/chambreavecvue.ch\\\/wordpress\\\/wp-content\\\/uploads\\\/2022\\\/02\\\/chambreavecvue_logo_clr.png\",\"width\":800,\"height\":473,\"caption\":\"Chambre avec vue\"},\"image\":{\"@id\":\"https:\\\/\\\/chambreavecvue.ch\\\/wordpress\\\/#\\\/schema\\\/logo\\\/image\\\/\"},\"sameAs\":[\"https:\\\/\\\/www.instagram.com\\\/chambreavecvue.ch\"]}]}<\/script>\n<!-- \/ Yoast SEO plugin. -->","yoast_head_json":{"title":"conditions & prix - Chambre avec vue","description":"Conditions et prix de location pour notre maison d'h\u00f4tes, id\u00e9alement situ\u00e9e au c\u0153ur du Lavaux, entre Montreux et Lausanne.","robots":{"index":"index","follow":"follow","max-snippet":"max-snippet:-1","max-image-preview":"max-image-preview:large","max-video-preview":"max-video-preview:-1"},"canonical":"https:\/\/chambreavecvue.ch\/wordpress\/conditions\/","og_locale":"fr_FR","og_type":"article","og_title":"conditions & prix - Chambre avec vue","og_description":"Conditions et prix de location pour notre maison d'h\u00f4tes, id\u00e9alement situ\u00e9e au c\u0153ur du Lavaux, entre Montreux et Lausanne.","og_url":"https:\/\/chambreavecvue.ch\/wordpress\/conditions\/","og_site_name":"Chambre avec vue","article_modified_time":"2026-03-02T09:53:59+00:00","og_image":[{"width":900,"height":599,"url":"https:\/\/chambreavecvue.ch\/wordpress\/wp-content\/uploads\/2022\/02\/maison_terrasse-039.jpeg","type":"image\/jpeg"}],"twitter_card":"summary_large_image","twitter_misc":{"Dur\u00e9e de lecture estim\u00e9e":"2 minutes"},"schema":{"@context":"https:\/\/schema.org","@graph":[{"@type":"WebPage","@id":"https:\/\/chambreavecvue.ch\/wordpress\/conditions\/","url":"https:\/\/chambreavecvue.ch\/wordpress\/conditions\/","name":"conditions & prix - Chambre avec vue","isPartOf":{"@id":"https:\/\/chambreavecvue.ch\/wordpress\/#website"},"primaryImageOfPage":{"@id":"https:\/\/chambreavecvue.ch\/wordpress\/conditions\/#primaryimage"},"image":{"@id":"https:\/\/chambreavecvue.ch\/wordpress\/conditions\/#primaryimage"},"thumbnailUrl":"https:\/\/chambreavecvue.ch\/wordpress\/wp-content\/uploads\/2022\/02\/maison_terrasse-039.jpeg","datePublished":"2022-02-15T14:06:42+00:00","dateModified":"2026-03-02T09:53:59+00:00","description":"Conditions et prix de location pour notre maison d'h\u00f4tes, id\u00e9alement situ\u00e9e au c\u0153ur du Lavaux, entre Montreux et Lausanne.","breadcrumb":{"@id":"https:\/\/chambreavecvue.ch\/wordpress\/conditions\/#breadcrumb"},"inLanguage":"fr-FR","potentialAction":[{"@type":"ReadAction","target":["https:\/\/chambreavecvue.ch\/wordpress\/conditions\/"]}]},{"@type":"ImageObject","inLanguage":"fr-FR","@id":"https:\/\/chambreavecvue.ch\/wordpress\/conditions\/#primaryimage","url":"https:\/\/chambreavecvue.ch\/wordpress\/wp-content\/uploads\/2022\/02\/maison_terrasse-039.jpeg","contentUrl":"https:\/\/chambreavecvue.ch\/wordpress\/wp-content\/uploads\/2022\/02\/maison_terrasse-039.jpeg","width":900,"height":599},{"@type":"BreadcrumbList","@id":"https:\/\/chambreavecvue.ch\/wordpress\/conditions\/#breadcrumb","itemListElement":[{"@type":"ListItem","position":1,"name":"Home","item":"https:\/\/chambreavecvue.ch\/wordpress\/"},{"@type":"ListItem","position":2,"name":"conditions &#038; prix"}]},{"@type":"WebSite","@id":"https:\/\/chambreavecvue.ch\/wordpress\/#website","url":"https:\/\/chambreavecvue.ch\/wordpress\/","name":"Chambre avec vue","description":"Location de vacances en Lavaux","publisher":{"@id":"https:\/\/chambreavecvue.ch\/wordpress\/#organization"},"potentialAction":[{"@type":"SearchAction","target":{"@type":"EntryPoint","urlTemplate":"https:\/\/chambreavecvue.ch\/wordpress\/?s={search_term_string}"},"query-input":{"@type":"PropertyValueSpecification","valueRequired":true,"valueName":"search_term_string"}}],"inLanguage":"fr-FR"},{"@type":"Organization","@id":"https:\/\/chambreavecvue.ch\/wordpress\/#organization","name":"Chambre avec vue","url":"https:\/\/chambreavecvue.ch\/wordpress\/","logo":{"@type":"ImageObject","inLanguage":"fr-FR","@id":"https:\/\/chambreavecvue.ch\/wordpress\/#\/schema\/logo\/image\/","url":"https:\/\/chambreavecvue.ch\/wordpress\/wp-content\/uploads\/2022\/02\/chambreavecvue_logo_clr.png","contentUrl":"https:\/\/chambreavecvue.ch\/wordpress\/wp-content\/uploads\/2022\/02\/chambreavecvue_logo_clr.png","width":800,"height":473,"caption":"Chambre avec vue"},"image":{"@id":"https:\/\/chambreavecvue.ch\/wordpress\/#\/schema\/logo\/image\/"},"sameAs":["https:\/\/www.instagram.com\/chambreavecvue.ch"]}]}},"_links":{"self":[{"href":"https:\/\/chambreavecvue.ch\/wordpress\/wp-json\/wp\/v2\/pages\/43","targetHints":{"allow":["GET"]}}],"collection":[{"href":"https:\/\/chambreavecvue.ch\/wordpress\/wp-json\/wp\/v2\/pages"}],"about":[{"href":"https:\/\/chambreavecvue.ch\/wordpress\/wp-json\/wp\/v2\/types\/page"}],"author":[{"embeddable":true,"href":"https:\/\/chambreavecvue.ch\/wordpress\/wp-json\/wp\/v2\/users\/1"}],"replies":[{"embeddable":true,"href":"https:\/\/chambreavecvue.ch\/wordpress\/wp-json\/wp\/v2\/comments?post=43"}],"version-history":[{"count":14,"href":"https:\/\/chambreavecvue.ch\/wordpress\/wp-json\/wp\/v2\/pages\/43\/revisions"}],"predecessor-version":[{"id":666,"href":"https:\/\/chambreavecvue.ch\/wordpress\/wp-json\/wp\/v2\/pages\/43\/revisions\/666"}],"wp:featuredmedia":[{"embeddable":true,"href":"https:\/\/chambreavecvue.ch\/wordpress\/wp-json\/wp\/v2\/media\/233"}],"wp:attachment":[{"href":"https:\/\/chambreavecvue.ch\/wordpress\/wp-json\/wp\/v2\/media?parent=43"}],"curies":[{"name":"wp","href":"https:\/\/api.w.org\/{rel}","templated":true}]}}