{"id":41,"date":"2022-02-15T14:04:26","date_gmt":"2022-02-15T14:04:26","guid":{"rendered":"https:\/\/chambreavecvue.ch\/wordpress\/?page_id=41"},"modified":"2022-06-07T04:08:02","modified_gmt":"2022-06-07T04:08:02","slug":"la-maison","status":"publish","type":"page","link":"https:\/\/chambreavecvue.ch\/wordpress\/","title":{"rendered":"La maison"},"content":{"rendered":"\n<div class=\"wp-block-cover alignfull is-light\"><span aria-hidden=\"true\" class=\"wp-block-cover__background has-background-dim\"><\/span><img loading=\"lazy\" decoding=\"async\" width=\"1282\" height=\"900\" sizes=\"auto, (max-width: 799px) 200vw, (max-width: 1282px) 100vw, 1282px\" class=\"wp-block-cover__image-background wp-image-25\" alt=\"Notre maison de vacances offre un cadre calme et romantique pour une escapade en amoureux\" src=\"https:\/\/chambreavecvue.ch\/wordpress\/wp-content\/uploads\/2022\/02\/5.jpeg\" data-object-fit=\"cover\" srcset=\"https:\/\/chambreavecvue.ch\/wordpress\/wp-content\/uploads\/2022\/02\/5.jpeg 1282w, https:\/\/chambreavecvue.ch\/wordpress\/wp-content\/uploads\/2022\/02\/5-300x211.jpeg 300w, https:\/\/chambreavecvue.ch\/wordpress\/wp-content\/uploads\/2022\/02\/5-1024x719.jpeg 1024w, https:\/\/chambreavecvue.ch\/wordpress\/wp-content\/uploads\/2022\/02\/5-768x539.jpeg 768w\" \/><div class=\"wp-block-cover__inner-container is-layout-flow wp-block-cover-is-layout-flow\">\n<p class=\"has-text-align-center has-large-font-size\"><\/p>\n<\/div><\/div>\n\n\n\n<div class=\"wp-block-group tw-mt-6 is-style-twentytwentyone-border has-border-color has-subtle-border-color\" style=\"border-width:1px\"><div class=\"wp-block-group__inner-container is-layout-flow wp-block-group-is-layout-flow\">\n<h2 class=\"has-text-color wp-block-heading\" id=\"la-maison\" style=\"color:#88aaaa\">La maison<\/h2>\n\n\n\n<p>Pos\u00e9e au milieu des vignes et surplombant le lac, notre maison de vacances, calme et romantique, \u00e0 la d\u00e9coration soign\u00e9e, vous accueille l\u2019espace d\u2019une semaine ou pour de grandes vacances. Go\u00fbtez aux parfums de cypr\u00e8s et de lavandes, savourez un verre de vin frais sur la terrasse r\u00e9chauff\u00e9e par le soleil.<\/p>\n<\/div><\/div>\n\n\n\n<div class=\"wp-block-columns tw-mb-8 is-layout-flex wp-container-core-columns-is-layout-d0b3c9c8 wp-block-columns-is-layout-flex\">\n<div class=\"wp-block-column is-layout-flow wp-block-column-is-layout-flow\">\n<div class=\"wp-block-group is-style-twentytwentyone-border has-border-color has-subtle-border-color\" style=\"border-width:1px\"><div class=\"wp-block-group__inner-container is-layout-flow wp-block-group-is-layout-flow\">\n<p>La maison se compose de&nbsp;2 1\/2 pi\u00e8ces, sur deux \u00e9tages, pour une surface totale d\u2019environ 55 m\u00e8tres carr\u00e9s.<\/p>\n\n\n\n<p>Au premier \u00e9tage, vous trouverez&nbsp;un grand lit (160\u00d7200 cm) et un lit simple&nbsp;(90\u00d7200 cm). Au rez, vous trouverez&nbsp;un autre lit\/canap\u00e9 (90\u00d7200 cm). Tous les lits sont de tr\u00e8s bonne qualit\u00e9, nous voulons que vous dormiez bien !&nbsp;<\/p>\n<\/div><\/div>\n<\/div>\n\n\n\n<div class=\"wp-block-column is-layout-flow wp-block-column-is-layout-flow\">\n<div class=\"wp-block-group is-style-twentytwentyone-border has-border-color has-subtle-border-color\" style=\"border-width:1px\"><div class=\"wp-block-group__inner-container is-layout-flow wp-block-group-is-layout-flow\">\n<p>Sur demande, nous pouvons \u00e9galement fournir gratuitement un lit de b\u00e9b\u00e9 (et une chaise haute).<\/p>\n\n\n\n<p>Au rayon \u00e9lectronique, nous proposons un acc\u00e8s internet gratuit via wifi, une t\u00e9l\u00e9vision avec une multitude de&nbsp;cha\u00eenes disponibles via Swisscom TV.<\/p>\n\n\n\n<p>Trouvez nos prix et&nbsp;conditions &nbsp;<a href=\"https:\/\/chambreavecvue.ch\/wordpress\/conditions\/\">ici.<\/a><\/p>\n<\/div><\/div>\n<\/div>\n<\/div>\n\n\n\nngg_shortcode_0_placeholder\n","protected":false},"excerpt":{"rendered":"<p>La maison Pos\u00e9e au milieu des vignes et surplombant le lac, notre maison de vacances, calme et romantique, \u00e0 la d\u00e9coration soign\u00e9e, vous accueille l\u2019espace d\u2019une semaine ou pour de grandes vacances. Go\u00fbtez aux parfums de cypr\u00e8s et de lavandes, savourez un verre de vin frais sur la terrasse r\u00e9chauff\u00e9e par le soleil. La maison&hellip; <a class=\"more-link\" href=\"https:\/\/chambreavecvue.ch\/wordpress\/\">Poursuivre la lecture <span class=\"screen-reader-text\">La maison<\/span><\/a><\/p>\n","protected":false},"author":1,"featured_media":250,"parent":0,"menu_order":0,"comment_status":"closed","ping_status":"closed","template":"tw-header-transparent-light.php","meta":{"ngg_post_thumbnail":0,"footnotes":"","_links_to":"","_links_to_target":""},"class_list":["post-41","page","type-page","status-publish","has-post-thumbnail","hentry","entry"],"yoast_head":"<!-- This site is optimized with the Yoast SEO plugin v27.3 - https:\/\/yoast.com\/product\/yoast-seo-wordpress\/ -->\n<title>La maison - Chambre avec vue<\/title>\n<meta name=\"description\" content=\"Pos\u00e9e au milieu des vignes du Lavaux et surplombant le lac, notre maison de vacances vous accueille les temps des vacances.\" \/>\n<meta name=\"robots\" content=\"index, follow, max-snippet:-1, max-image-preview:large, max-video-preview:-1\" \/>\n<link rel=\"canonical\" href=\"https:\/\/chambreavecvue.ch\/wordpress\/\" \/>\n<meta property=\"og:locale\" content=\"fr_FR\" \/>\n<meta property=\"og:type\" content=\"article\" \/>\n<meta property=\"og:title\" content=\"La maison - Chambre avec vue\" \/>\n<meta property=\"og:description\" content=\"Pos\u00e9e au milieu des vignes du Lavaux et surplombant le lac, notre maison de vacances vous accueille les temps des vacances.\" \/>\n<meta property=\"og:url\" content=\"https:\/\/chambreavecvue.ch\/wordpress\/\" \/>\n<meta property=\"og:site_name\" content=\"Chambre avec vue\" \/>\n<meta property=\"article:modified_time\" content=\"2022-06-07T04:08:02+00:00\" \/>\n<meta property=\"og:image\" content=\"https:\/\/chambreavecvue.ch\/wordpress\/wp-content\/uploads\/2022\/02\/cav12.jpeg\" \/>\n\t<meta property=\"og:image:width\" content=\"399\" \/>\n\t<meta property=\"og:image:height\" content=\"600\" \/>\n\t<meta property=\"og:image:type\" content=\"image\/jpeg\" \/>\n<meta name=\"twitter:card\" content=\"summary_large_image\" \/>\n<meta name=\"twitter:label1\" content=\"Dur\u00e9e de lecture estim\u00e9e\" \/>\n\t<meta name=\"twitter:data1\" content=\"2 minutes\" \/>\n<script type=\"application\/ld+json\" class=\"yoast-schema-graph\">{\"@context\":\"https:\\\/\\\/schema.org\",\"@graph\":[{\"@type\":\"WebPage\",\"@id\":\"https:\\\/\\\/chambreavecvue.ch\\\/wordpress\\\/\",\"url\":\"https:\\\/\\\/chambreavecvue.ch\\\/wordpress\\\/\",\"name\":\"La maison - Chambre avec vue\",\"isPartOf\":{\"@id\":\"https:\\\/\\\/chambreavecvue.ch\\\/wordpress\\\/#website\"},\"primaryImageOfPage\":{\"@id\":\"https:\\\/\\\/chambreavecvue.ch\\\/wordpress\\\/#primaryimage\"},\"image\":{\"@id\":\"https:\\\/\\\/chambreavecvue.ch\\\/wordpress\\\/#primaryimage\"},\"thumbnailUrl\":\"https:\\\/\\\/chambreavecvue.ch\\\/wordpress\\\/wp-content\\\/uploads\\\/2022\\\/02\\\/cav12.jpeg\",\"datePublished\":\"2022-02-15T14:04:26+00:00\",\"dateModified\":\"2022-06-07T04:08:02+00:00\",\"description\":\"Pos\u00e9e au milieu des vignes du Lavaux et surplombant le lac, notre maison de vacances vous accueille les temps des vacances.\",\"breadcrumb\":{\"@id\":\"https:\\\/\\\/chambreavecvue.ch\\\/wordpress\\\/#breadcrumb\"},\"inLanguage\":\"fr-FR\",\"potentialAction\":[{\"@type\":\"ReadAction\",\"target\":[\"https:\\\/\\\/chambreavecvue.ch\\\/wordpress\\\/\"]}]},{\"@type\":\"ImageObject\",\"inLanguage\":\"fr-FR\",\"@id\":\"https:\\\/\\\/chambreavecvue.ch\\\/wordpress\\\/#primaryimage\",\"url\":\"https:\\\/\\\/chambreavecvue.ch\\\/wordpress\\\/wp-content\\\/uploads\\\/2022\\\/02\\\/cav12.jpeg\",\"contentUrl\":\"https:\\\/\\\/chambreavecvue.ch\\\/wordpress\\\/wp-content\\\/uploads\\\/2022\\\/02\\\/cav12.jpeg\",\"width\":399,\"height\":600,\"caption\":\"Village de Rivaz, en Lavaux suisse\"},{\"@type\":\"BreadcrumbList\",\"@id\":\"https:\\\/\\\/chambreavecvue.ch\\\/wordpress\\\/#breadcrumb\",\"itemListElement\":[{\"@type\":\"ListItem\",\"position\":1,\"name\":\"Home\",\"item\":\"https:\\\/\\\/chambreavecvue.ch\\\/wordpress\\\/\"},{\"@type\":\"ListItem\",\"position\":2,\"name\":\"La maison\"}]},{\"@type\":\"WebSite\",\"@id\":\"https:\\\/\\\/chambreavecvue.ch\\\/wordpress\\\/#website\",\"url\":\"https:\\\/\\\/chambreavecvue.ch\\\/wordpress\\\/\",\"name\":\"Chambre avec vue\",\"description\":\"Location de vacances en Lavaux\",\"publisher\":{\"@id\":\"https:\\\/\\\/chambreavecvue.ch\\\/wordpress\\\/#organization\"},\"potentialAction\":[{\"@type\":\"SearchAction\",\"target\":{\"@type\":\"EntryPoint\",\"urlTemplate\":\"https:\\\/\\\/chambreavecvue.ch\\\/wordpress\\\/?s={search_term_string}\"},\"query-input\":{\"@type\":\"PropertyValueSpecification\",\"valueRequired\":true,\"valueName\":\"search_term_string\"}}],\"inLanguage\":\"fr-FR\"},{\"@type\":\"Organization\",\"@id\":\"https:\\\/\\\/chambreavecvue.ch\\\/wordpress\\\/#organization\",\"name\":\"Chambre avec vue\",\"url\":\"https:\\\/\\\/chambreavecvue.ch\\\/wordpress\\\/\",\"logo\":{\"@type\":\"ImageObject\",\"inLanguage\":\"fr-FR\",\"@id\":\"https:\\\/\\\/chambreavecvue.ch\\\/wordpress\\\/#\\\/schema\\\/logo\\\/image\\\/\",\"url\":\"https:\\\/\\\/chambreavecvue.ch\\\/wordpress\\\/wp-content\\\/uploads\\\/2022\\\/02\\\/chambreavecvue_logo_clr.png\",\"contentUrl\":\"https:\\\/\\\/chambreavecvue.ch\\\/wordpress\\\/wp-content\\\/uploads\\\/2022\\\/02\\\/chambreavecvue_logo_clr.png\",\"width\":800,\"height\":473,\"caption\":\"Chambre avec vue\"},\"image\":{\"@id\":\"https:\\\/\\\/chambreavecvue.ch\\\/wordpress\\\/#\\\/schema\\\/logo\\\/image\\\/\"},\"sameAs\":[\"https:\\\/\\\/www.instagram.com\\\/chambreavecvue.ch\"]}]}<\/script>\n<!-- \/ Yoast SEO plugin. -->","yoast_head_json":{"title":"La maison - Chambre avec vue","description":"Pos\u00e9e au milieu des vignes du Lavaux et surplombant le lac, notre maison de vacances vous accueille les temps des vacances.","robots":{"index":"index","follow":"follow","max-snippet":"max-snippet:-1","max-image-preview":"max-image-preview:large","max-video-preview":"max-video-preview:-1"},"canonical":"https:\/\/chambreavecvue.ch\/wordpress\/","og_locale":"fr_FR","og_type":"article","og_title":"La maison - Chambre avec vue","og_description":"Pos\u00e9e au milieu des vignes du Lavaux et surplombant le lac, notre maison de vacances vous accueille les temps des vacances.","og_url":"https:\/\/chambreavecvue.ch\/wordpress\/","og_site_name":"Chambre avec vue","article_modified_time":"2022-06-07T04:08:02+00:00","og_image":[{"width":399,"height":600,"url":"https:\/\/chambreavecvue.ch\/wordpress\/wp-content\/uploads\/2022\/02\/cav12.jpeg","type":"image\/jpeg"}],"twitter_card":"summary_large_image","twitter_misc":{"Dur\u00e9e de lecture estim\u00e9e":"2 minutes"},"schema":{"@context":"https:\/\/schema.org","@graph":[{"@type":"WebPage","@id":"https:\/\/chambreavecvue.ch\/wordpress\/","url":"https:\/\/chambreavecvue.ch\/wordpress\/","name":"La maison - Chambre avec vue","isPartOf":{"@id":"https:\/\/chambreavecvue.ch\/wordpress\/#website"},"primaryImageOfPage":{"@id":"https:\/\/chambreavecvue.ch\/wordpress\/#primaryimage"},"image":{"@id":"https:\/\/chambreavecvue.ch\/wordpress\/#primaryimage"},"thumbnailUrl":"https:\/\/chambreavecvue.ch\/wordpress\/wp-content\/uploads\/2022\/02\/cav12.jpeg","datePublished":"2022-02-15T14:04:26+00:00","dateModified":"2022-06-07T04:08:02+00:00","description":"Pos\u00e9e au milieu des vignes du Lavaux et surplombant le lac, notre maison de vacances vous accueille les temps des vacances.","breadcrumb":{"@id":"https:\/\/chambreavecvue.ch\/wordpress\/#breadcrumb"},"inLanguage":"fr-FR","potentialAction":[{"@type":"ReadAction","target":["https:\/\/chambreavecvue.ch\/wordpress\/"]}]},{"@type":"ImageObject","inLanguage":"fr-FR","@id":"https:\/\/chambreavecvue.ch\/wordpress\/#primaryimage","url":"https:\/\/chambreavecvue.ch\/wordpress\/wp-content\/uploads\/2022\/02\/cav12.jpeg","contentUrl":"https:\/\/chambreavecvue.ch\/wordpress\/wp-content\/uploads\/2022\/02\/cav12.jpeg","width":399,"height":600,"caption":"Village de Rivaz, en Lavaux suisse"},{"@type":"BreadcrumbList","@id":"https:\/\/chambreavecvue.ch\/wordpress\/#breadcrumb","itemListElement":[{"@type":"ListItem","position":1,"name":"Home","item":"https:\/\/chambreavecvue.ch\/wordpress\/"},{"@type":"ListItem","position":2,"name":"La maison"}]},{"@type":"WebSite","@id":"https:\/\/chambreavecvue.ch\/wordpress\/#website","url":"https:\/\/chambreavecvue.ch\/wordpress\/","name":"Chambre avec vue","description":"Location de vacances en Lavaux","publisher":{"@id":"https:\/\/chambreavecvue.ch\/wordpress\/#organization"},"potentialAction":[{"@type":"SearchAction","target":{"@type":"EntryPoint","urlTemplate":"https:\/\/chambreavecvue.ch\/wordpress\/?s={search_term_string}"},"query-input":{"@type":"PropertyValueSpecification","valueRequired":true,"valueName":"search_term_string"}}],"inLanguage":"fr-FR"},{"@type":"Organization","@id":"https:\/\/chambreavecvue.ch\/wordpress\/#organization","name":"Chambre avec vue","url":"https:\/\/chambreavecvue.ch\/wordpress\/","logo":{"@type":"ImageObject","inLanguage":"fr-FR","@id":"https:\/\/chambreavecvue.ch\/wordpress\/#\/schema\/logo\/image\/","url":"https:\/\/chambreavecvue.ch\/wordpress\/wp-content\/uploads\/2022\/02\/chambreavecvue_logo_clr.png","contentUrl":"https:\/\/chambreavecvue.ch\/wordpress\/wp-content\/uploads\/2022\/02\/chambreavecvue_logo_clr.png","width":800,"height":473,"caption":"Chambre avec vue"},"image":{"@id":"https:\/\/chambreavecvue.ch\/wordpress\/#\/schema\/logo\/image\/"},"sameAs":["https:\/\/www.instagram.com\/chambreavecvue.ch"]}]}},"_links":{"self":[{"href":"https:\/\/chambreavecvue.ch\/wordpress\/wp-json\/wp\/v2\/pages\/41","targetHints":{"allow":["GET"]}}],"collection":[{"href":"https:\/\/chambreavecvue.ch\/wordpress\/wp-json\/wp\/v2\/pages"}],"about":[{"href":"https:\/\/chambreavecvue.ch\/wordpress\/wp-json\/wp\/v2\/types\/page"}],"author":[{"embeddable":true,"href":"https:\/\/chambreavecvue.ch\/wordpress\/wp-json\/wp\/v2\/users\/1"}],"replies":[{"embeddable":true,"href":"https:\/\/chambreavecvue.ch\/wordpress\/wp-json\/wp\/v2\/comments?post=41"}],"version-history":[{"count":38,"href":"https:\/\/chambreavecvue.ch\/wordpress\/wp-json\/wp\/v2\/pages\/41\/revisions"}],"predecessor-version":[{"id":645,"href":"https:\/\/chambreavecvue.ch\/wordpress\/wp-json\/wp\/v2\/pages\/41\/revisions\/645"}],"wp:featuredmedia":[{"embeddable":true,"href":"https:\/\/chambreavecvue.ch\/wordpress\/wp-json\/wp\/v2\/media\/250"}],"wp:attachment":[{"href":"https:\/\/chambreavecvue.ch\/wordpress\/wp-json\/wp\/v2\/media?parent=41"}],"curies":[{"name":"wp","href":"https:\/\/api.w.org\/{rel}","templated":true}]}}