{"id":363,"date":"2022-02-21T15:06:40","date_gmt":"2022-02-21T15:06:40","guid":{"rendered":"https:\/\/chambreavecvue.ch\/wordpress\/?page_id=363"},"modified":"2022-08-25T08:49:05","modified_gmt":"2022-08-25T08:49:05","slug":"faq_de","status":"publish","type":"page","link":"https:\/\/chambreavecvue.ch\/wordpress\/de\/faq_de\/","title":{"rendered":"FAQ_de"},"content":{"rendered":"\n<div class=\"wp-block-group tw-mt-0 is-style-twentytwentyone-border has-border-color has-subtle-border-color\" style=\"border-width:1px\"><div class=\"wp-block-group__inner-container is-layout-flow wp-block-group-is-layout-flow\">\n<h2 class=\"has-text-color wp-block-heading\" id=\"pourquoi-rivaz-1\" style=\"color:#88aaaa\">Warum Rivaz\u2026<\/h2>\n\n\n\n<h4 class=\"tw-mb-2 wp-block-heading\" id=\"si-je-suis-amoureux\"><strong>&#8230; wenn ich verliebt bin?<\/strong><\/h4>\n\n\n\n<p>Ganz einfach: Weil es das Paradies ist! Sie werden verw\u00f6hnt, in einem Haus, das nur f\u00fcr Sie vorbereitet wurde. Sie werden ausschlafen, die Aussicht geniessen und zu zweit in kleinen, romantischen Restaurants speisen. Unsere G\u00e4ste sagen oft, es sei ein kleines \u00ab\u00a0Liebesnest\u00a0\u00bb. Wir vertrauen ihnen voll und ganz.<\/p>\n\n\n\n<h4 class=\"tw-mb-2 wp-block-heading\" id=\"si-je-suis-dans-la-region-pour-mon-travail\"><strong>&#8230; wenn ich beruflich in der Gegend bin?<\/strong><\/h4>\n\n\n\n<p>Die Lage: ganz in der N\u00e4he von Vevey\/Montreux oder Lausanne &#8211; und das Zentrum von Genf ist nur 1h30 entfernt. Vom Haus aus erreichen Sie die Autobahn in 5 Minuten &#8211; es sei denn, Sie m\u00f6chten lieber den Zug nehmen (Der Bahnhof ist 5 Minuten zu Fuss entfernt)!<\/p>\n\n\n\n<p>Lebensqualit\u00e4t: Es gibt nichts Sch\u00f6neres, als von der Arbeit nach Hause zu kommen und sich auf der Terrasse ein wenig zu entspannen und einen Plan f\u00fcr den Abend auszudenken&#8230; Nat\u00fcrlich bieten wir eine schnelle Internetverbindung \u00fcber WLAN, sodass Sie Ihre neueste Kurzgeschichte sofort nach Fertigstellung an Ihren Verleger weiterleiten k\u00f6nnen. Versprochen, Sie werden Ihr \u00fcbliches Hotelzimmer nicht vermissen!<\/p>\n\n\n\n<h4 class=\"tw-mb-2 wp-block-heading\" id=\"wenn-ich-meine-familie-oder-freunde-besuche\"><strong>&#8230; wenn ich meine Familie oder Freunde besuche?<\/strong><\/h4>\n\n\n\n<p>Die Gegend um Vevey\/Montreux ist bei vielen Expats sehr beliebt, daher haben wir h\u00e4ufig G\u00e4ste, die ihre Familien und Freunde besuchen. Ein Aufenthalt in unserem Ferienhaus ist eine Garantie daf\u00fcr, dass Sie Ihren Lieben nahe sind, aber auch Ihre Unabh\u00e4ngigkeit bewahren k\u00f6nnen!<\/p>\n\n\n\n<h4 class=\"tw-mb-2 wp-block-heading\" id=\"wenn-ich-mit-den-kindern-urlaub-mache\"><strong>&#8230; wenn ich mit den Kindern Urlaub mache?<\/strong><\/h4>\n\n\n\n<p>In der Region gibt es viele M\u00f6glichkeiten f\u00fcr Aktivit\u00e4ten mit Kindern. Von Kochkursen \u00fcber Workshops in Museen bis hin zu speziell f\u00fcr Kinder gemachte Ausstellungen, Spazierg\u00e4ngen am See, dem alten Karussell, dem Zoo, dem Schwimmbad oder dem See, Wanderungen in den Weinbergen oder im Mittelgebirge, Angeln, Segeln, Skifahren, Shopping&#8230; Egal, wie das Wetter ist, Sie werden auf jeden Fall eine passende Aktivit\u00e4t f\u00fcr Ihre Kindern finden!<\/p>\n\n\n\n<h4 class=\"tw-mb-2 wp-block-heading\" id=\"wenn-ich-gerne-spazieren\"><strong>&#8230; wenn ich gerne spazieren?<\/strong><\/h4>\n\n\n\n<p>Wenn Sie gerne spazieren oder wandern, haben Sie die Qual der Wahl: Es gibt Dutzende von Wanderwegen zwischen Weinbergen, D\u00f6rfern und St\u00e4dten&#8230; und die Berge sind ganz nah, falls Sie sich entscheiden sollten, den See von oben zu betrachten!<\/p>\n\n\n\n<h4 class=\"tw-mb-2 wp-block-heading\" id=\"wenn-mein-ding-eher-die-kultur-ist\"><strong>&#8230; wenn mein Ding eher die Kultur ist?<\/strong><\/h4>\n\n\n\n<p>Museen, Konzerts\u00e4le, Festivals &#8211; es gibt viele Orte, die Sie besuchen k\u00f6nnen, und es gibt f\u00fcr jeden Geschmack etwas. Zu jeder Zeit ist in der Region etwas los.<\/p>\n<\/div><\/div>\n\n\n\n<div class=\"wp-block-columns is-layout-flex wp-container-core-columns-is-layout-d0b3c9c8 wp-block-columns-is-layout-flex\">\n<div class=\"wp-block-column is-layout-flow wp-block-column-is-layout-flow\" style=\"--col-width:60%;flex-basis:60%\">\n<div class=\"wp-block-group tw-mt-0 is-style-twentytwentyone-border has-border-color has-subtle-border-color\" style=\"border-width:1px\"><div class=\"wp-block-group__inner-container is-layout-flow wp-block-group-is-layout-flow\">\n<h2 class=\"has-text-color wp-block-heading\" id=\"pourquoi-rivaz-1\" style=\"color:#88aaaa\">Regeln f\u00fcr das Leben im Haus<\/h2>\n\n\n\n<ul class=\"is-style-tw-border-inner wp-block-list\"><li>Bitte rauchen Sie nicht\u00a0 im Haus! Es gibt einen Aschenbecher auf der Terrasse, und die Zigaretten schmecken viel besser, wenn man die Aussicht geniesst.<\/li><li>Das Haus ist nur f\u00fcr Wohnzwecke bestimmt (keine Partys oder Treffen); das Haus darf an niemanden untervermietet werden.<\/li><li>Das Haus darf nicht von mehr Personen genutzt werden, als bei der Buchung vereinbart wurde. Wenn Sie mehr Personen als urspr\u00fcnglich geplant unterbringen m\u00f6chten, bitten wir Sie um eine vorherige Absprache.<\/li><\/ul>\n<\/div><\/div>\n<\/div>\n\n\n\n<div class=\"wp-block-column is-layout-flow wp-block-column-is-layout-flow\" style=\"--col-width:40%;flex-basis:40%\">\n<div class=\"wp-block-group tw-mt-0 is-style-twentytwentyone-border has-border-color has-subtle-border-color\" style=\"border-width:1px\"><div class=\"wp-block-group__inner-container is-layout-flow wp-block-group-is-layout-flow\">\n<h2 class=\"has-text-color wp-block-heading\" id=\"pourquoi-rivaz-1\" style=\"color:#88aaaa\">Verschiedenes<\/h2>\n\n\n\n<h4 class=\"tw-mb-2 wp-block-heading\" id=\"que-vais-je-trouver-dans-la-maison-a-votre-arrivee-les-lits-seront-faits-et-nous-fournissons-les-draps-les-serviettes-de-bain-et-le-linge-de-cuisine-merci-de-prendre-vos-propres-serviettes-de-bain-pour-la-plage-nous-laissons-un-fond-de-cuisine-avec-de-l-huile-du-vinaigre-du-the-des-epices-du-cafe-nos-hotes-remplacent-ce-qu-ils-ont-utilise-a-leur-depart-et-parfois-laissent-ce-qu-ils-ne-desireraient-pas-emporter-pour-les-hotes-suivants-comment-se-fait-il-que-les-coussins-du-canape-ne-soient-pas-ceux-qu-on-voit-sur-les-photos-sophie-est-sans-arret-en-train-de-deplacer-des-choses-dans-la-maison-d-essayer-de-nouveaux-trucs-deco-etc-il-y-a-donc-du-mouvement-mais-l-esprit-reste\"><strong>Was werde ich im Haus vorfinden?<\/strong><\/h4>\n\n\n\n<p id=\"que-vais-je-trouver-dans-la-maison-a-votre-arrivee-les-lits-seront-faits-et-nous-fournissons-les-draps-les-serviettes-de-bain-et-le-linge-de-cuisine-merci-de-prendre-vos-propres-serviettes-de-bain-pour-la-plage-nous-laissons-un-fond-de-cuisine-avec-de-l-huile-du-vinaigre-du-the-des-epices-du-cafe-nos-hotes-remplacent-ce-qu-ils-ont-utilise-a-leur-depart-et-parfois-laissent-ce-qu-ils-ne-desireraient-pas-emporter-pour-les-hotes-suivants-comment-se-fait-il-que-les-coussins-du-canape-ne-soient-pas-ceux-qu-on-voit-sur-les-photos-sophie-est-sans-arret-en-train-de-deplacer-des-choses-dans-la-maison-d-essayer-de-nouveaux-trucs-deco-etc-il-y-a-donc-du-mouvement-mais-l-esprit-reste\">Bei Ihrer Ankunft werden die Betten gemacht, und wir stellen Bettw\u00e4sche, Handt\u00fccher und K\u00fcchenw\u00e4sche zur Verf\u00fcgung. Bitte bringen Sie Ihre eigenen Handt\u00fccher f\u00fcr den Strand mit. Wir hinterlassen einen K\u00fcchenfond mit \u00d6l, Essig, Tee, Gew\u00fcrzen und Kaffee. Unsere G\u00e4ste ersetzen bei ihrer Abreise, was sie benutzt haben, und lassen manchmal etwas f\u00fcr die n\u00e4chsten G\u00e4ste zur\u00fcck. <\/p>\n\n\n\n<h4 class=\"tw-mb-2 wp-block-heading\" id=\"que-vais-je-trouver-dans-la-maison-a-votre-arrivee-les-lits-seront-faits-et-nous-fournissons-les-draps-les-serviettes-de-bain-et-le-linge-de-cuisine-merci-de-prendre-vos-propres-serviettes-de-bain-pour-la-plage-nous-laissons-un-fond-de-cuisine-avec-de-l-huile-du-vinaigre-du-the-des-epices-du-cafe-nos-hotes-remplacent-ce-qu-ils-ont-utilise-a-leur-depart-et-parfois-laissent-ce-qu-ils-ne-desireraient-pas-emporter-pour-les-hotes-suivants-comment-se-fait-il-que-les-coussins-du-canape-ne-soient-pas-ceux-qu-on-voit-sur-les-photos-sophie-est-sans-arret-en-train-de-deplacer-des-choses-dans-la-maison-d-essayer-de-nouveaux-trucs-deco-etc-il-y-a-donc-du-mouvement-mais-l-esprit-reste\"><strong>Wie kommt es, dass die Kissen auf dem Sofa nicht die sind, die auf den Fotos zu sehen sind?<\/strong><\/h4>\n\n\n\n<p id=\"que-vais-je-trouver-dans-la-maison-a-votre-arrivee-les-lits-seront-faits-et-nous-fournissons-les-draps-les-serviettes-de-bain-et-le-linge-de-cuisine-merci-de-prendre-vos-propres-serviettes-de-bain-pour-la-plage-nous-laissons-un-fond-de-cuisine-avec-de-l-huile-du-vinaigre-du-the-des-epices-du-cafe-nos-hotes-remplacent-ce-qu-ils-ont-utilise-a-leur-depart-et-parfois-laissent-ce-qu-ils-ne-desireraient-pas-emporter-pour-les-hotes-suivants-comment-se-fait-il-que-les-coussins-du-canape-ne-soient-pas-ceux-qu-on-voit-sur-les-photos-sophie-est-sans-arret-en-train-de-deplacer-des-choses-dans-la-maison-d-essayer-de-nouveaux-trucs-deco-etc-il-y-a-donc-du-mouvement-mais-l-esprit-reste\">Sophie ist st\u00e4ndig dabei, Dinge im Haus umzustellen, neue Deko-Tricks auszuprobieren usw. Es gibt also Bewegung, aber der Geist bleibt!<\/p>\n<\/div><\/div>\n<\/div>\n<\/div>\n\n\n\n<div class=\"wp-block-group tw-mt-0 is-style-twentytwentyone-border has-border-color has-subtle-border-color\" style=\"border-width:1px\"><div class=\"wp-block-group__inner-container is-layout-flow wp-block-group-is-layout-flow\">\n<h2 class=\"has-text-color wp-block-heading\" id=\"pourquoi-rivaz-1\" style=\"color:#88aaaa\"><strong>Verkehrsmittel<\/strong><\/h2>\n\n\n\n<h4 class=\"tw-mb-2 wp-block-heading\" id=\"si-je-suis-amoureux\"><strong><strong><strong><strong>Wo kann ich mein Auto w\u00e4hrend meines Aufenthalts parkieren?<\/strong><\/strong><\/strong><\/strong><\/h4>\n\n\n\n<p>Sie erhalten von uns einen Parkausweis f\u00fcr eine Tiefgarage ganz in der N\u00e4he des Hauses &#8211; da sie unter den Weinreben begraben ist, m\u00fcssen wir Ihnen wahrscheinlich zuerst erkl\u00e4ren, wo sie sich befindet!<\/p>\n\n\n\n<h4 class=\"tw-mb-2 wp-block-heading\" id=\"si-je-suis-dans-la-region-pour-mon-travail\"><strong><strong><strong><strong>Was ist, wenn ich kein Auto habe? Kann ich mit dem Zug reisen?<\/strong><\/strong><\/strong><\/strong><\/h4>\n\n\n\n<p>Es ist sehr einfach, mit dem Zug nach Rivaz zu kommen, und Sie k\u00f6nnen das Beste aus Ihrem Aufenthalt auch ohne Auto machen, wie uns viele G\u00e4ste best\u00e4tigt haben. Der Bahnhof ist nur 5 Gehminuten vom Haus entfernt und es f\u00e4hrt jede Stunde ein Zug nach Vevey und Lausanne. Ausserdem geben wir Ihnen f\u00fcr die Dauer Ihres Aufenthalts einen Verkehrsmittel Pass (Zug, Bus und Metro) welches zwischen Lausanne und Villeneuve g\u00fcltig ist. Sie k\u00f6nnen auch Fahrr\u00e4der, sowohl in Vevey als auch in Lausanne mieten.<\/p>\n<\/div><\/div>\n\n\n\n<div class=\"wp-block-group tw-mt-0 is-style-twentytwentyone-border has-border-color has-subtle-border-color\" style=\"border-width:1px\"><div class=\"wp-block-group__inner-container is-layout-flow wp-block-group-is-layout-flow\">\n<h2 class=\"has-text-color wp-block-heading\" id=\"pourquoi-rivaz-1\" style=\"color:#88aaaa\">Einkaufen<\/h2>\n\n\n\n<h4 class=\"tw-mb-2 wp-block-heading\" id=\"si-je-suis-amoureux\"><strong><strong><strong><strong><strong>Wo kann ich einkaufen?<\/strong><\/strong><\/strong><\/strong><\/strong><\/h4>\n\n\n\n<p>Die n\u00e4chstgelegenen Lebensmittelgesch\u00e4fte befinden sich in Chexbres, das Sie zu Fuss erreichen k\u00f6nnen, wenn Sie keine Angst vor Steigungen haben! Dort gibt es ein Coop, B\u00e4ckereien, Banken, Restaurants und verschiedene Gesch\u00e4fte, von denen einige auch am Sonntag ge\u00f6ffnet sind. Wenn Sie mehr Auswahl haben m\u00f6chten, fahren Sie nach Vevey, wo Sie Superm\u00e4rkte finden und dienstags und samstags morgens sogar einen Markt mit Obst, Gem\u00fcse und lokalen Produkten.<\/p>\n\n\n\n<h4 class=\"tw-mb-2 wp-block-heading\" id=\"wein-probieren-oder-kaufen\">Wein probieren oder kaufen<\/h4>\n\n\n\n<p>Im Dorf gibt es viele Winzer. Manchmal kommen Sie an einem Weinkeller vorbei und finden dort den Winzer, oder Sie organisieren Ihren Besuch im Voraus. Wir haben unsere Favoriten, Nachbarn und Freunde. Gerne vereinbaren wir f\u00fcr Sie einen Termin f\u00fcr eine Weinprobe und beraten Sie!<\/p>\n<\/div><\/div>\n","protected":false},"excerpt":{"rendered":"<p>Warum Rivaz\u2026 &#8230; wenn ich verliebt bin? Ganz einfach: Weil es das Paradies ist! Sie werden verw\u00f6hnt, in einem Haus, das nur f\u00fcr Sie vorbereitet wurde. Sie werden ausschlafen, die Aussicht geniessen und zu zweit in kleinen, romantischen Restaurants speisen. Unsere G\u00e4ste sagen oft, es sei ein kleines \u00ab\u00a0Liebesnest\u00a0\u00bb. Wir vertrauen ihnen voll und ganz.&hellip; <a class=\"more-link\" href=\"https:\/\/chambreavecvue.ch\/wordpress\/de\/faq_de\/\">Poursuivre la lecture <span class=\"screen-reader-text\">FAQ_de<\/span><\/a><\/p>\n","protected":false},"author":1,"featured_media":0,"parent":0,"menu_order":0,"comment_status":"closed","ping_status":"closed","template":"tw-no-title.php","meta":{"ngg_post_thumbnail":0,"footnotes":"","_links_to":"","_links_to_target":""},"class_list":["post-363","page","type-page","status-publish","hentry","entry"],"yoast_head":"<!-- This site is optimized with the Yoast SEO plugin v27.4 - https:\/\/yoast.com\/product\/yoast-seo-wordpress\/ -->\n<title>FAQ_de - Chambre avec vue<\/title>\n<meta name=\"description\" content=\"Warum gerade Rivaz? Ob Sie verliebt sind, mit Ihrer Familie, auf Gesch\u00e4ftsreise oder bei Freunden zu Besuch sind, ist die Umgebung ideal\" \/>\n<meta name=\"robots\" content=\"index, follow, max-snippet:-1, max-image-preview:large, max-video-preview:-1\" \/>\n<link rel=\"canonical\" href=\"https:\/\/chambreavecvue.ch\/wordpress\/de\/faq_de\/\" \/>\n<meta property=\"og:locale\" content=\"fr_FR\" \/>\n<meta property=\"og:type\" content=\"article\" \/>\n<meta property=\"og:title\" content=\"FAQ_de - Chambre avec vue\" \/>\n<meta property=\"og:description\" content=\"Warum gerade Rivaz? Ob Sie verliebt sind, mit Ihrer Familie, auf Gesch\u00e4ftsreise oder bei Freunden zu Besuch sind, ist die Umgebung ideal\" \/>\n<meta property=\"og:url\" content=\"https:\/\/chambreavecvue.ch\/wordpress\/de\/faq_de\/\" \/>\n<meta property=\"og:site_name\" content=\"Chambre avec vue\" \/>\n<meta property=\"article:modified_time\" content=\"2022-08-25T08:49:05+00:00\" \/>\n<meta name=\"twitter:card\" content=\"summary_large_image\" \/>\n<meta name=\"twitter:label1\" content=\"Dur\u00e9e de lecture estim\u00e9e\" \/>\n\t<meta name=\"twitter:data1\" content=\"5 minutes\" \/>\n<script type=\"application\/ld+json\" class=\"yoast-schema-graph\">{\"@context\":\"https:\\\/\\\/schema.org\",\"@graph\":[{\"@type\":\"WebPage\",\"@id\":\"https:\\\/\\\/chambreavecvue.ch\\\/wordpress\\\/de\\\/faq_de\\\/\",\"url\":\"https:\\\/\\\/chambreavecvue.ch\\\/wordpress\\\/de\\\/faq_de\\\/\",\"name\":\"FAQ_de - Chambre avec vue\",\"isPartOf\":{\"@id\":\"https:\\\/\\\/chambreavecvue.ch\\\/wordpress\\\/#website\"},\"datePublished\":\"2022-02-21T15:06:40+00:00\",\"dateModified\":\"2022-08-25T08:49:05+00:00\",\"description\":\"Warum gerade Rivaz? Ob Sie verliebt sind, mit Ihrer Familie, auf Gesch\u00e4ftsreise oder bei Freunden zu Besuch sind, ist die Umgebung ideal\",\"breadcrumb\":{\"@id\":\"https:\\\/\\\/chambreavecvue.ch\\\/wordpress\\\/de\\\/faq_de\\\/#breadcrumb\"},\"inLanguage\":\"fr-FR\",\"potentialAction\":[{\"@type\":\"ReadAction\",\"target\":[\"https:\\\/\\\/chambreavecvue.ch\\\/wordpress\\\/de\\\/faq_de\\\/\"]}]},{\"@type\":\"BreadcrumbList\",\"@id\":\"https:\\\/\\\/chambreavecvue.ch\\\/wordpress\\\/de\\\/faq_de\\\/#breadcrumb\",\"itemListElement\":[{\"@type\":\"ListItem\",\"position\":1,\"name\":\"Home\",\"item\":\"https:\\\/\\\/chambreavecvue.ch\\\/wordpress\\\/\"},{\"@type\":\"ListItem\",\"position\":2,\"name\":\"FAQ_de\"}]},{\"@type\":\"WebSite\",\"@id\":\"https:\\\/\\\/chambreavecvue.ch\\\/wordpress\\\/#website\",\"url\":\"https:\\\/\\\/chambreavecvue.ch\\\/wordpress\\\/\",\"name\":\"Chambre avec vue\",\"description\":\"Location de vacances en Lavaux\",\"publisher\":{\"@id\":\"https:\\\/\\\/chambreavecvue.ch\\\/wordpress\\\/#organization\"},\"potentialAction\":[{\"@type\":\"SearchAction\",\"target\":{\"@type\":\"EntryPoint\",\"urlTemplate\":\"https:\\\/\\\/chambreavecvue.ch\\\/wordpress\\\/?s={search_term_string}\"},\"query-input\":{\"@type\":\"PropertyValueSpecification\",\"valueRequired\":true,\"valueName\":\"search_term_string\"}}],\"inLanguage\":\"fr-FR\"},{\"@type\":\"Organization\",\"@id\":\"https:\\\/\\\/chambreavecvue.ch\\\/wordpress\\\/#organization\",\"name\":\"Chambre avec vue\",\"url\":\"https:\\\/\\\/chambreavecvue.ch\\\/wordpress\\\/\",\"logo\":{\"@type\":\"ImageObject\",\"inLanguage\":\"fr-FR\",\"@id\":\"https:\\\/\\\/chambreavecvue.ch\\\/wordpress\\\/#\\\/schema\\\/logo\\\/image\\\/\",\"url\":\"https:\\\/\\\/chambreavecvue.ch\\\/wordpress\\\/wp-content\\\/uploads\\\/2022\\\/02\\\/chambreavecvue_logo_clr.png\",\"contentUrl\":\"https:\\\/\\\/chambreavecvue.ch\\\/wordpress\\\/wp-content\\\/uploads\\\/2022\\\/02\\\/chambreavecvue_logo_clr.png\",\"width\":800,\"height\":473,\"caption\":\"Chambre avec vue\"},\"image\":{\"@id\":\"https:\\\/\\\/chambreavecvue.ch\\\/wordpress\\\/#\\\/schema\\\/logo\\\/image\\\/\"},\"sameAs\":[\"https:\\\/\\\/www.instagram.com\\\/chambreavecvue.ch\"]}]}<\/script>\n<!-- \/ Yoast SEO plugin. -->","yoast_head_json":{"title":"FAQ_de - Chambre avec vue","description":"Warum gerade Rivaz? Ob Sie verliebt sind, mit Ihrer Familie, auf Gesch\u00e4ftsreise oder bei Freunden zu Besuch sind, ist die Umgebung ideal","robots":{"index":"index","follow":"follow","max-snippet":"max-snippet:-1","max-image-preview":"max-image-preview:large","max-video-preview":"max-video-preview:-1"},"canonical":"https:\/\/chambreavecvue.ch\/wordpress\/de\/faq_de\/","og_locale":"fr_FR","og_type":"article","og_title":"FAQ_de - Chambre avec vue","og_description":"Warum gerade Rivaz? Ob Sie verliebt sind, mit Ihrer Familie, auf Gesch\u00e4ftsreise oder bei Freunden zu Besuch sind, ist die Umgebung ideal","og_url":"https:\/\/chambreavecvue.ch\/wordpress\/de\/faq_de\/","og_site_name":"Chambre avec vue","article_modified_time":"2022-08-25T08:49:05+00:00","twitter_card":"summary_large_image","twitter_misc":{"Dur\u00e9e de lecture estim\u00e9e":"5 minutes"},"schema":{"@context":"https:\/\/schema.org","@graph":[{"@type":"WebPage","@id":"https:\/\/chambreavecvue.ch\/wordpress\/de\/faq_de\/","url":"https:\/\/chambreavecvue.ch\/wordpress\/de\/faq_de\/","name":"FAQ_de - Chambre avec vue","isPartOf":{"@id":"https:\/\/chambreavecvue.ch\/wordpress\/#website"},"datePublished":"2022-02-21T15:06:40+00:00","dateModified":"2022-08-25T08:49:05+00:00","description":"Warum gerade Rivaz? Ob Sie verliebt sind, mit Ihrer Familie, auf Gesch\u00e4ftsreise oder bei Freunden zu Besuch sind, ist die Umgebung ideal","breadcrumb":{"@id":"https:\/\/chambreavecvue.ch\/wordpress\/de\/faq_de\/#breadcrumb"},"inLanguage":"fr-FR","potentialAction":[{"@type":"ReadAction","target":["https:\/\/chambreavecvue.ch\/wordpress\/de\/faq_de\/"]}]},{"@type":"BreadcrumbList","@id":"https:\/\/chambreavecvue.ch\/wordpress\/de\/faq_de\/#breadcrumb","itemListElement":[{"@type":"ListItem","position":1,"name":"Home","item":"https:\/\/chambreavecvue.ch\/wordpress\/"},{"@type":"ListItem","position":2,"name":"FAQ_de"}]},{"@type":"WebSite","@id":"https:\/\/chambreavecvue.ch\/wordpress\/#website","url":"https:\/\/chambreavecvue.ch\/wordpress\/","name":"Chambre avec vue","description":"Location de vacances en Lavaux","publisher":{"@id":"https:\/\/chambreavecvue.ch\/wordpress\/#organization"},"potentialAction":[{"@type":"SearchAction","target":{"@type":"EntryPoint","urlTemplate":"https:\/\/chambreavecvue.ch\/wordpress\/?s={search_term_string}"},"query-input":{"@type":"PropertyValueSpecification","valueRequired":true,"valueName":"search_term_string"}}],"inLanguage":"fr-FR"},{"@type":"Organization","@id":"https:\/\/chambreavecvue.ch\/wordpress\/#organization","name":"Chambre avec vue","url":"https:\/\/chambreavecvue.ch\/wordpress\/","logo":{"@type":"ImageObject","inLanguage":"fr-FR","@id":"https:\/\/chambreavecvue.ch\/wordpress\/#\/schema\/logo\/image\/","url":"https:\/\/chambreavecvue.ch\/wordpress\/wp-content\/uploads\/2022\/02\/chambreavecvue_logo_clr.png","contentUrl":"https:\/\/chambreavecvue.ch\/wordpress\/wp-content\/uploads\/2022\/02\/chambreavecvue_logo_clr.png","width":800,"height":473,"caption":"Chambre avec vue"},"image":{"@id":"https:\/\/chambreavecvue.ch\/wordpress\/#\/schema\/logo\/image\/"},"sameAs":["https:\/\/www.instagram.com\/chambreavecvue.ch"]}]}},"_links":{"self":[{"href":"https:\/\/chambreavecvue.ch\/wordpress\/wp-json\/wp\/v2\/pages\/363","targetHints":{"allow":["GET"]}}],"collection":[{"href":"https:\/\/chambreavecvue.ch\/wordpress\/wp-json\/wp\/v2\/pages"}],"about":[{"href":"https:\/\/chambreavecvue.ch\/wordpress\/wp-json\/wp\/v2\/types\/page"}],"author":[{"embeddable":true,"href":"https:\/\/chambreavecvue.ch\/wordpress\/wp-json\/wp\/v2\/users\/1"}],"replies":[{"embeddable":true,"href":"https:\/\/chambreavecvue.ch\/wordpress\/wp-json\/wp\/v2\/comments?post=363"}],"version-history":[{"count":5,"href":"https:\/\/chambreavecvue.ch\/wordpress\/wp-json\/wp\/v2\/pages\/363\/revisions"}],"predecessor-version":[{"id":652,"href":"https:\/\/chambreavecvue.ch\/wordpress\/wp-json\/wp\/v2\/pages\/363\/revisions\/652"}],"wp:attachment":[{"href":"https:\/\/chambreavecvue.ch\/wordpress\/wp-json\/wp\/v2\/media?parent=363"}],"curies":[{"name":"wp","href":"https:\/\/api.w.org\/{rel}","templated":true}]}}