{"id":359,"date":"2022-02-21T15:01:29","date_gmt":"2022-02-21T15:01:29","guid":{"rendered":"https:\/\/chambreavecvue.ch\/wordpress\/?page_id=359"},"modified":"2026-03-02T09:54:40","modified_gmt":"2026-03-02T09:54:40","slug":"preise","status":"publish","type":"page","link":"https:\/\/chambreavecvue.ch\/wordpress\/de\/preise\/","title":{"rendered":"Preise"},"content":{"rendered":"\n<div class=\"wp-block-group tw-mt-0 is-style-twentytwentyone-border has-border-color has-subtle-border-color\" style=\"border-width:1px\"><div class=\"wp-block-group__inner-container is-layout-flow wp-block-group-is-layout-flow\">\n<h2 class=\"wp-block-heading has-text-color\" id=\"nos-prix-tout-inclus-1\" style=\"color:#88aaaa\"><strong>Unsere All-Inklusive-Preise sind<\/strong><\/h2>\n\n\n\n<ul class=\"wp-block-list is-style-tw-border-inner\">\n<li><strong>Von November bis M\u00e4rz: <\/strong>CHF 1000.- pro Woche, (wir k\u00f6nnen das Haus ab 1. Nacht mieten)<\/li>\n\n\n\n<li><strong>Von April bis Juni, und im Oktober:<\/strong> CHF 1&rsquo;300.- pro Woche.<\/li>\n\n\n\n<li><strong>Von Juli bis September:<\/strong> CHF 1&rsquo;500.- pro Woche.<\/li>\n<\/ul>\n\n\n\n<p class=\"has-small-font-size\">Diese Preise gelten f\u00fcr zwei Personen, f\u00fcr jede weitere Person werden CHF 100.- pro Aufenthalt berechnet. Unsere Preise beinhalten Bettw\u00e4sche und Handt\u00fccher, Parkplatz, Nebenkosten und Endreinigung.<\/p>\n<\/div><\/div>\n\n\n\n<div class=\"wp-block-columns is-layout-flex wp-container-core-columns-is-layout-d0b3c9c8 wp-block-columns-is-layout-flex\">\n<div class=\"wp-block-column is-layout-flow wp-block-column-is-layout-flow\">\n<div class=\"wp-block-group is-style-twentytwentyone-border has-border-color has-subtle-border-color\" style=\"border-width:1px\"><div class=\"wp-block-group__inner-container is-layout-flow wp-block-group-is-layout-flow\">\n<h3 class=\"wp-block-heading has-text-color\" id=\"nos-prix-tout-inclus-1\" style=\"color:#88aaaa\"><strong>Reservierung<\/strong><\/h3>\n\n\n\n<p>Bitte benutzen Sie das <a href=\"https:\/\/chambreavecvue.ch\/wordpress\/de\/buchung\/\">Kontaktformular<\/a>, um uns eine Anfrage zu senden oder wenn Sie Fragen haben.<\/p>\n\n\n\n<p>Wir vermieten das Haus normalerweise f\u00fcr eine Woche (von Samstag bis Samstag), aber es ist auch m\u00f6glich, es f\u00fcr einen k\u00fcrzeren Zeitraum oder f\u00fcr mehrere Wochen in der Vor- oder Nachsaison zu mieten. Bitte senden Sie uns eine Nachricht damit wir Ihre Bed\u00fcrfnisse mehr im Detail besprechen k\u00f6nnen.<\/p>\n\n\n\n<p>Die Anreise erfolgt zwischen 16 und 21 Uhr, die Abreise vor 10 Uhr.<\/p>\n<\/div><\/div>\n<\/div>\n\n\n\n<div class=\"wp-block-column is-layout-flow wp-block-column-is-layout-flow\">\n<div class=\"wp-block-group is-style-twentytwentyone-border has-border-color has-subtle-border-color\" style=\"border-width:1px\"><div class=\"wp-block-group__inner-container is-layout-flow wp-block-group-is-layout-flow\">\n<h3 class=\"wp-block-heading has-text-color\" id=\"nos-prix-tout-inclus-1\" style=\"color:#88aaaa\">Z<strong>ahlungsbedingungen<\/strong><\/h3>\n\n\n\n<p>Wir ziehen es vor, wenn die Zahlung im Voraus in Schweizer Franken per Bank\u00fcberweisung erfolgt. Wenn Ihnen das nicht passt, lassen Sie es uns wissen und wir werden eine andere L\u00f6sung finden.<\/p>\n<\/div><\/div>\n\n\n\n<div class=\"wp-block-group is-style-twentytwentyone-border has-border-color has-subtle-border-color\" style=\"border-width:1px\"><div class=\"wp-block-group__inner-container is-layout-flow wp-block-group-is-layout-flow\">\n<h3 class=\"wp-block-heading has-text-color\" id=\"nos-prix-tout-inclus-1\" style=\"color:#88aaaa\"><strong>Stornierung<\/strong><\/h3>\n\n\n\n<p>Wenn Sie mindestens 2 Monaten im Voraus stornieren, erstatten wir Ihnen den vollen Betrag zur\u00fcck. Bei Stornierungen, die weniger als 2 Monaten im Voraus erfolgen, k\u00f6nnen wir Ihnen keine R\u00fcckerstattung gew\u00e4hren. Bei Nichterscheinen wird der volle Preis f\u00fcr Ihren Aufenthalt f\u00e4llig.<\/p>\n<\/div><\/div>\n<\/div>\n<\/div>\n","protected":false},"excerpt":{"rendered":"<p>Unsere All-Inklusive-Preise sind Diese Preise gelten f\u00fcr zwei Personen, f\u00fcr jede weitere Person werden CHF 100.- pro Aufenthalt berechnet. Unsere Preise beinhalten Bettw\u00e4sche und Handt\u00fccher, Parkplatz, Nebenkosten und Endreinigung. Reservierung Bitte benutzen Sie das Kontaktformular, um uns eine Anfrage zu senden oder wenn Sie Fragen haben. Wir vermieten das Haus normalerweise f\u00fcr eine Woche (von&hellip; <a class=\"more-link\" href=\"https:\/\/chambreavecvue.ch\/wordpress\/de\/preise\/\">Poursuivre la lecture <span class=\"screen-reader-text\">Preise<\/span><\/a><\/p>\n","protected":false},"author":1,"featured_media":485,"parent":0,"menu_order":0,"comment_status":"closed","ping_status":"closed","template":"tw-no-title.php","meta":{"ngg_post_thumbnail":0,"footnotes":"","_links_to":"","_links_to_target":""},"class_list":["post-359","page","type-page","status-publish","has-post-thumbnail","hentry","entry"],"yoast_head":"<!-- This site is optimized with the Yoast SEO plugin v27.4 - https:\/\/yoast.com\/product\/yoast-seo-wordpress\/ -->\n<title>Preise - Chambre avec vue<\/title>\n<meta name=\"description\" content=\"Mietbedingungen und Preise f\u00fcr unser G\u00e4stehaus, das ideal im Herzen des Lavaux zwischen Montreux und Lausanne gelegen ist.\" \/>\n<meta name=\"robots\" content=\"index, follow, max-snippet:-1, max-image-preview:large, max-video-preview:-1\" \/>\n<link rel=\"canonical\" href=\"https:\/\/chambreavecvue.ch\/wordpress\/de\/preise\/\" \/>\n<meta property=\"og:locale\" content=\"fr_FR\" \/>\n<meta property=\"og:type\" content=\"article\" \/>\n<meta property=\"og:title\" content=\"Preise - Chambre avec vue\" \/>\n<meta property=\"og:description\" content=\"Mietbedingungen und Preise f\u00fcr unser G\u00e4stehaus, das ideal im Herzen des Lavaux zwischen Montreux und Lausanne gelegen ist.\" \/>\n<meta property=\"og:url\" content=\"https:\/\/chambreavecvue.ch\/wordpress\/de\/preise\/\" \/>\n<meta property=\"og:site_name\" content=\"Chambre avec vue\" \/>\n<meta property=\"article:modified_time\" content=\"2026-03-02T09:54:40+00:00\" \/>\n<meta property=\"og:image\" content=\"https:\/\/chambreavecvue.ch\/wordpress\/wp-content\/uploads\/2022\/03\/cav51.jpeg\" \/>\n\t<meta property=\"og:image:width\" content=\"900\" \/>\n\t<meta property=\"og:image:height\" content=\"599\" \/>\n\t<meta property=\"og:image:type\" content=\"image\/jpeg\" \/>\n<meta name=\"twitter:card\" content=\"summary_large_image\" \/>\n<meta name=\"twitter:label1\" content=\"Dur\u00e9e de lecture estim\u00e9e\" \/>\n\t<meta name=\"twitter:data1\" content=\"2 minutes\" \/>\n<script type=\"application\/ld+json\" class=\"yoast-schema-graph\">{\"@context\":\"https:\\\/\\\/schema.org\",\"@graph\":[{\"@type\":\"WebPage\",\"@id\":\"https:\\\/\\\/chambreavecvue.ch\\\/wordpress\\\/de\\\/preise\\\/\",\"url\":\"https:\\\/\\\/chambreavecvue.ch\\\/wordpress\\\/de\\\/preise\\\/\",\"name\":\"Preise - Chambre avec vue\",\"isPartOf\":{\"@id\":\"https:\\\/\\\/chambreavecvue.ch\\\/wordpress\\\/#website\"},\"primaryImageOfPage\":{\"@id\":\"https:\\\/\\\/chambreavecvue.ch\\\/wordpress\\\/de\\\/preise\\\/#primaryimage\"},\"image\":{\"@id\":\"https:\\\/\\\/chambreavecvue.ch\\\/wordpress\\\/de\\\/preise\\\/#primaryimage\"},\"thumbnailUrl\":\"https:\\\/\\\/chambreavecvue.ch\\\/wordpress\\\/wp-content\\\/uploads\\\/2022\\\/03\\\/cav51.jpeg\",\"datePublished\":\"2022-02-21T15:01:29+00:00\",\"dateModified\":\"2026-03-02T09:54:40+00:00\",\"description\":\"Mietbedingungen und Preise f\u00fcr unser G\u00e4stehaus, das ideal im Herzen des Lavaux zwischen Montreux und Lausanne gelegen ist.\",\"breadcrumb\":{\"@id\":\"https:\\\/\\\/chambreavecvue.ch\\\/wordpress\\\/de\\\/preise\\\/#breadcrumb\"},\"inLanguage\":\"fr-FR\",\"potentialAction\":[{\"@type\":\"ReadAction\",\"target\":[\"https:\\\/\\\/chambreavecvue.ch\\\/wordpress\\\/de\\\/preise\\\/\"]}]},{\"@type\":\"ImageObject\",\"inLanguage\":\"fr-FR\",\"@id\":\"https:\\\/\\\/chambreavecvue.ch\\\/wordpress\\\/de\\\/preise\\\/#primaryimage\",\"url\":\"https:\\\/\\\/chambreavecvue.ch\\\/wordpress\\\/wp-content\\\/uploads\\\/2022\\\/03\\\/cav51.jpeg\",\"contentUrl\":\"https:\\\/\\\/chambreavecvue.ch\\\/wordpress\\\/wp-content\\\/uploads\\\/2022\\\/03\\\/cav51.jpeg\",\"width\":900,\"height\":599},{\"@type\":\"BreadcrumbList\",\"@id\":\"https:\\\/\\\/chambreavecvue.ch\\\/wordpress\\\/de\\\/preise\\\/#breadcrumb\",\"itemListElement\":[{\"@type\":\"ListItem\",\"position\":1,\"name\":\"Home\",\"item\":\"https:\\\/\\\/chambreavecvue.ch\\\/wordpress\\\/\"},{\"@type\":\"ListItem\",\"position\":2,\"name\":\"Preise\"}]},{\"@type\":\"WebSite\",\"@id\":\"https:\\\/\\\/chambreavecvue.ch\\\/wordpress\\\/#website\",\"url\":\"https:\\\/\\\/chambreavecvue.ch\\\/wordpress\\\/\",\"name\":\"Chambre avec vue\",\"description\":\"Location de vacances en Lavaux\",\"publisher\":{\"@id\":\"https:\\\/\\\/chambreavecvue.ch\\\/wordpress\\\/#organization\"},\"potentialAction\":[{\"@type\":\"SearchAction\",\"target\":{\"@type\":\"EntryPoint\",\"urlTemplate\":\"https:\\\/\\\/chambreavecvue.ch\\\/wordpress\\\/?s={search_term_string}\"},\"query-input\":{\"@type\":\"PropertyValueSpecification\",\"valueRequired\":true,\"valueName\":\"search_term_string\"}}],\"inLanguage\":\"fr-FR\"},{\"@type\":\"Organization\",\"@id\":\"https:\\\/\\\/chambreavecvue.ch\\\/wordpress\\\/#organization\",\"name\":\"Chambre avec vue\",\"url\":\"https:\\\/\\\/chambreavecvue.ch\\\/wordpress\\\/\",\"logo\":{\"@type\":\"ImageObject\",\"inLanguage\":\"fr-FR\",\"@id\":\"https:\\\/\\\/chambreavecvue.ch\\\/wordpress\\\/#\\\/schema\\\/logo\\\/image\\\/\",\"url\":\"https:\\\/\\\/chambreavecvue.ch\\\/wordpress\\\/wp-content\\\/uploads\\\/2022\\\/02\\\/chambreavecvue_logo_clr.png\",\"contentUrl\":\"https:\\\/\\\/chambreavecvue.ch\\\/wordpress\\\/wp-content\\\/uploads\\\/2022\\\/02\\\/chambreavecvue_logo_clr.png\",\"width\":800,\"height\":473,\"caption\":\"Chambre avec vue\"},\"image\":{\"@id\":\"https:\\\/\\\/chambreavecvue.ch\\\/wordpress\\\/#\\\/schema\\\/logo\\\/image\\\/\"},\"sameAs\":[\"https:\\\/\\\/www.instagram.com\\\/chambreavecvue.ch\"]}]}<\/script>\n<!-- \/ Yoast SEO plugin. -->","yoast_head_json":{"title":"Preise - Chambre avec vue","description":"Mietbedingungen und Preise f\u00fcr unser G\u00e4stehaus, das ideal im Herzen des Lavaux zwischen Montreux und Lausanne gelegen ist.","robots":{"index":"index","follow":"follow","max-snippet":"max-snippet:-1","max-image-preview":"max-image-preview:large","max-video-preview":"max-video-preview:-1"},"canonical":"https:\/\/chambreavecvue.ch\/wordpress\/de\/preise\/","og_locale":"fr_FR","og_type":"article","og_title":"Preise - Chambre avec vue","og_description":"Mietbedingungen und Preise f\u00fcr unser G\u00e4stehaus, das ideal im Herzen des Lavaux zwischen Montreux und Lausanne gelegen ist.","og_url":"https:\/\/chambreavecvue.ch\/wordpress\/de\/preise\/","og_site_name":"Chambre avec vue","article_modified_time":"2026-03-02T09:54:40+00:00","og_image":[{"width":900,"height":599,"url":"https:\/\/chambreavecvue.ch\/wordpress\/wp-content\/uploads\/2022\/03\/cav51.jpeg","type":"image\/jpeg"}],"twitter_card":"summary_large_image","twitter_misc":{"Dur\u00e9e de lecture estim\u00e9e":"2 minutes"},"schema":{"@context":"https:\/\/schema.org","@graph":[{"@type":"WebPage","@id":"https:\/\/chambreavecvue.ch\/wordpress\/de\/preise\/","url":"https:\/\/chambreavecvue.ch\/wordpress\/de\/preise\/","name":"Preise - Chambre avec vue","isPartOf":{"@id":"https:\/\/chambreavecvue.ch\/wordpress\/#website"},"primaryImageOfPage":{"@id":"https:\/\/chambreavecvue.ch\/wordpress\/de\/preise\/#primaryimage"},"image":{"@id":"https:\/\/chambreavecvue.ch\/wordpress\/de\/preise\/#primaryimage"},"thumbnailUrl":"https:\/\/chambreavecvue.ch\/wordpress\/wp-content\/uploads\/2022\/03\/cav51.jpeg","datePublished":"2022-02-21T15:01:29+00:00","dateModified":"2026-03-02T09:54:40+00:00","description":"Mietbedingungen und Preise f\u00fcr unser G\u00e4stehaus, das ideal im Herzen des Lavaux zwischen Montreux und Lausanne gelegen ist.","breadcrumb":{"@id":"https:\/\/chambreavecvue.ch\/wordpress\/de\/preise\/#breadcrumb"},"inLanguage":"fr-FR","potentialAction":[{"@type":"ReadAction","target":["https:\/\/chambreavecvue.ch\/wordpress\/de\/preise\/"]}]},{"@type":"ImageObject","inLanguage":"fr-FR","@id":"https:\/\/chambreavecvue.ch\/wordpress\/de\/preise\/#primaryimage","url":"https:\/\/chambreavecvue.ch\/wordpress\/wp-content\/uploads\/2022\/03\/cav51.jpeg","contentUrl":"https:\/\/chambreavecvue.ch\/wordpress\/wp-content\/uploads\/2022\/03\/cav51.jpeg","width":900,"height":599},{"@type":"BreadcrumbList","@id":"https:\/\/chambreavecvue.ch\/wordpress\/de\/preise\/#breadcrumb","itemListElement":[{"@type":"ListItem","position":1,"name":"Home","item":"https:\/\/chambreavecvue.ch\/wordpress\/"},{"@type":"ListItem","position":2,"name":"Preise"}]},{"@type":"WebSite","@id":"https:\/\/chambreavecvue.ch\/wordpress\/#website","url":"https:\/\/chambreavecvue.ch\/wordpress\/","name":"Chambre avec vue","description":"Location de vacances en Lavaux","publisher":{"@id":"https:\/\/chambreavecvue.ch\/wordpress\/#organization"},"potentialAction":[{"@type":"SearchAction","target":{"@type":"EntryPoint","urlTemplate":"https:\/\/chambreavecvue.ch\/wordpress\/?s={search_term_string}"},"query-input":{"@type":"PropertyValueSpecification","valueRequired":true,"valueName":"search_term_string"}}],"inLanguage":"fr-FR"},{"@type":"Organization","@id":"https:\/\/chambreavecvue.ch\/wordpress\/#organization","name":"Chambre avec vue","url":"https:\/\/chambreavecvue.ch\/wordpress\/","logo":{"@type":"ImageObject","inLanguage":"fr-FR","@id":"https:\/\/chambreavecvue.ch\/wordpress\/#\/schema\/logo\/image\/","url":"https:\/\/chambreavecvue.ch\/wordpress\/wp-content\/uploads\/2022\/02\/chambreavecvue_logo_clr.png","contentUrl":"https:\/\/chambreavecvue.ch\/wordpress\/wp-content\/uploads\/2022\/02\/chambreavecvue_logo_clr.png","width":800,"height":473,"caption":"Chambre avec vue"},"image":{"@id":"https:\/\/chambreavecvue.ch\/wordpress\/#\/schema\/logo\/image\/"},"sameAs":["https:\/\/www.instagram.com\/chambreavecvue.ch"]}]}},"_links":{"self":[{"href":"https:\/\/chambreavecvue.ch\/wordpress\/wp-json\/wp\/v2\/pages\/359","targetHints":{"allow":["GET"]}}],"collection":[{"href":"https:\/\/chambreavecvue.ch\/wordpress\/wp-json\/wp\/v2\/pages"}],"about":[{"href":"https:\/\/chambreavecvue.ch\/wordpress\/wp-json\/wp\/v2\/types\/page"}],"author":[{"embeddable":true,"href":"https:\/\/chambreavecvue.ch\/wordpress\/wp-json\/wp\/v2\/users\/1"}],"replies":[{"embeddable":true,"href":"https:\/\/chambreavecvue.ch\/wordpress\/wp-json\/wp\/v2\/comments?post=359"}],"version-history":[{"count":7,"href":"https:\/\/chambreavecvue.ch\/wordpress\/wp-json\/wp\/v2\/pages\/359\/revisions"}],"predecessor-version":[{"id":667,"href":"https:\/\/chambreavecvue.ch\/wordpress\/wp-json\/wp\/v2\/pages\/359\/revisions\/667"}],"wp:featuredmedia":[{"embeddable":true,"href":"https:\/\/chambreavecvue.ch\/wordpress\/wp-json\/wp\/v2\/media\/485"}],"wp:attachment":[{"href":"https:\/\/chambreavecvue.ch\/wordpress\/wp-json\/wp\/v2\/media?parent=359"}],"curies":[{"name":"wp","href":"https:\/\/api.w.org\/{rel}","templated":true}]}}