{"id":223,"date":"2022-02-21T08:54:27","date_gmt":"2022-02-21T08:54:27","guid":{"rendered":"https:\/\/chambreavecvue.ch\/wordpress\/la-maison-deutsch\/"},"modified":"2022-03-17T10:56:42","modified_gmt":"2022-03-17T10:56:42","slug":"das-haus","status":"publish","type":"page","link":"https:\/\/chambreavecvue.ch\/wordpress\/de\/das-haus\/","title":{"rendered":"Das Haus"},"content":{"rendered":"\n<div class=\"wp-block-cover alignfull is-light\"><span aria-hidden=\"true\" class=\"wp-block-cover__gradient-background has-background-dim\"><\/span><img loading=\"lazy\" decoding=\"async\" width=\"1282\" height=\"900\" sizes=\"auto, (max-width: 799px) 200vw, (max-width: 1282px) 100vw, 1282px\" class=\"wp-block-cover__image-background wp-image-25\" alt=\"\" src=\"https:\/\/chambreavecvue.ch\/wordpress\/wp-content\/uploads\/2022\/02\/5.jpeg\" data-object-fit=\"cover\" srcset=\"https:\/\/chambreavecvue.ch\/wordpress\/wp-content\/uploads\/2022\/02\/5.jpeg 1282w, https:\/\/chambreavecvue.ch\/wordpress\/wp-content\/uploads\/2022\/02\/5-300x211.jpeg 300w, https:\/\/chambreavecvue.ch\/wordpress\/wp-content\/uploads\/2022\/02\/5-1024x719.jpeg 1024w, https:\/\/chambreavecvue.ch\/wordpress\/wp-content\/uploads\/2022\/02\/5-768x539.jpeg 768w\" \/><div class=\"wp-block-cover__inner-container is-layout-flow wp-block-cover-is-layout-flow\">\n<p class=\"has-text-align-center has-large-font-size\"><\/p>\n<\/div><\/div>\n\n\n\n<div class=\"wp-block-group tw-mt-6 is-style-twentytwentyone-border has-border-color has-subtle-border-color\" style=\"border-width:1px\"><div class=\"wp-block-group__inner-container is-layout-flow wp-block-group-is-layout-flow\">\n<h2 class=\"has-text-color wp-block-heading\" id=\"das-haus\" style=\"color:#88aaaa\">Das Haus<\/h2>\n\n\n\n<p>Inmitten von Weinbergen und mit Blick auf den See liegt unser ruhiges und romantisches Ferienhaus mit gepflegter Dekoration, das Sie f\u00fcr eine Woche oder f\u00fcr einen ganzen Urlaub willkommen heisst. Geniessen Sie ein Glas Wein mit einem angenehmen Duft von Zypressen und Lavendel auf der von der Sonne erw\u00e4rmten Terrasse.<\/p>\n<\/div><\/div>\n\n\n\n<div class=\"wp-block-columns tw-mb-8 is-layout-flex wp-container-core-columns-is-layout-d0b3c9c8 wp-block-columns-is-layout-flex\">\n<div class=\"wp-block-column is-layout-flow wp-block-column-is-layout-flow\">\n<div class=\"wp-block-group is-style-twentytwentyone-border has-border-color has-subtle-border-color\" style=\"border-width:1px\"><div class=\"wp-block-group__inner-container is-layout-flow wp-block-group-is-layout-flow\">\n<p>Das Haus besteht aus 2 1\/2 Zimmern, verteilt auf zwei Etagen, mit einer Gesamtfl\u00e4che von ca. 55m2. <\/p>\n\n\n\n<p>Im ersten Stock finden Sie ein Doppelbett (160\u00d7200 cm) und ein Einzelbett (90\u00d7200 cm). Im Erdgeschoss finden Sie ein weiteres Bett\/Sofa (90\u00d7200 cm). Alle Betten sind von sehr guter Qualit\u00e4t, wir m\u00f6chten, dass Sie gut schlafen! <\/p>\n<\/div><\/div>\n<\/div>\n\n\n\n<div class=\"wp-block-column is-layout-flow wp-block-column-is-layout-flow\">\n<div class=\"wp-block-group is-style-twentytwentyone-border has-border-color has-subtle-border-color\" style=\"border-width:1px\"><div class=\"wp-block-group__inner-container is-layout-flow wp-block-group-is-layout-flow\">\n<p>Auf Anfrage k\u00f6nnen wir Ihnen auch ein kostenloses Babybett (und ein Hochstuhl) zur Verf\u00fcgung stellen.<\/p>\n\n\n\n<p>In der Elektronikabteilung bieten wir einen kostenlosen Internetzugang \u00fcber Wifi, einen Fernseher mit einer Vielzahl von Kan\u00e4len, die \u00fcber Swisscom TV verf\u00fcgbar sind. <\/p>\n\n\n\n<p><a href=\"https:\/\/chambreavecvue.ch\/wordpress\/de\/preise\/\">Hier<\/a> finden Sie unsere Preise und Bedingungen.<\/p>\n<\/div><\/div>\n<\/div>\n<\/div>\n\n\n\nngg_shortcode_0_placeholder\n","protected":false},"excerpt":{"rendered":"<p>Das Haus Inmitten von Weinbergen und mit Blick auf den See liegt unser ruhiges und romantisches Ferienhaus mit gepflegter Dekoration, das Sie f\u00fcr eine Woche oder f\u00fcr einen ganzen Urlaub willkommen heisst. Geniessen Sie ein Glas Wein mit einem angenehmen Duft von Zypressen und Lavendel auf der von der Sonne erw\u00e4rmten Terrasse. Das Haus besteht&hellip; <a class=\"more-link\" href=\"https:\/\/chambreavecvue.ch\/wordpress\/de\/das-haus\/\">Poursuivre la lecture <span class=\"screen-reader-text\">Das Haus<\/span><\/a><\/p>\n","protected":false},"author":1,"featured_media":0,"parent":0,"menu_order":0,"comment_status":"closed","ping_status":"closed","template":"tw-header-transparent-light.php","meta":{"ngg_post_thumbnail":0,"footnotes":"","_links_to":"","_links_to_target":""},"class_list":["post-223","page","type-page","status-publish","hentry","entry"],"yoast_head":"<!-- This site is optimized with the Yoast SEO plugin v27.4 - https:\/\/yoast.com\/product\/yoast-seo-wordpress\/ -->\n<title>Das Haus - Chambre avec vue<\/title>\n<meta name=\"description\" content=\"Inmitten der Weinberge des Lavaux und mit Blick auf den See, empf\u00e4ngt Sie unser Ferienhaus w\u00e4hrend der Ferienzeit.\" \/>\n<meta name=\"robots\" content=\"index, follow, max-snippet:-1, max-image-preview:large, max-video-preview:-1\" \/>\n<link rel=\"canonical\" href=\"https:\/\/chambreavecvue.ch\/wordpress\/de\/das-haus\/\" \/>\n<meta property=\"og:locale\" content=\"fr_FR\" \/>\n<meta property=\"og:type\" content=\"article\" \/>\n<meta property=\"og:title\" content=\"Das Haus - Chambre avec vue\" \/>\n<meta property=\"og:description\" content=\"Inmitten der Weinberge des Lavaux und mit Blick auf den See, empf\u00e4ngt Sie unser Ferienhaus w\u00e4hrend der Ferienzeit.\" \/>\n<meta property=\"og:url\" content=\"https:\/\/chambreavecvue.ch\/wordpress\/de\/das-haus\/\" \/>\n<meta property=\"og:site_name\" content=\"Chambre avec vue\" \/>\n<meta property=\"article:modified_time\" content=\"2022-03-17T10:56:42+00:00\" \/>\n<meta property=\"og:image\" content=\"http:\/\/chambreavecvue.ch\/wordpress\/wp-content\/uploads\/2022\/02\/5.jpeg\" \/>\n<meta name=\"twitter:card\" content=\"summary_large_image\" \/>\n<meta name=\"twitter:label1\" content=\"Dur\u00e9e de lecture estim\u00e9e\" \/>\n\t<meta name=\"twitter:data1\" content=\"1 minute\" \/>\n<script type=\"application\/ld+json\" class=\"yoast-schema-graph\">{\"@context\":\"https:\\\/\\\/schema.org\",\"@graph\":[{\"@type\":\"WebPage\",\"@id\":\"https:\\\/\\\/chambreavecvue.ch\\\/wordpress\\\/de\\\/das-haus\\\/\",\"url\":\"https:\\\/\\\/chambreavecvue.ch\\\/wordpress\\\/de\\\/das-haus\\\/\",\"name\":\"Das Haus - Chambre avec vue\",\"isPartOf\":{\"@id\":\"https:\\\/\\\/chambreavecvue.ch\\\/wordpress\\\/#website\"},\"primaryImageOfPage\":{\"@id\":\"https:\\\/\\\/chambreavecvue.ch\\\/wordpress\\\/de\\\/das-haus\\\/#primaryimage\"},\"image\":{\"@id\":\"https:\\\/\\\/chambreavecvue.ch\\\/wordpress\\\/de\\\/das-haus\\\/#primaryimage\"},\"thumbnailUrl\":\"http:\\\/\\\/chambreavecvue.ch\\\/wordpress\\\/wp-content\\\/uploads\\\/2022\\\/02\\\/5.jpeg\",\"datePublished\":\"2022-02-21T08:54:27+00:00\",\"dateModified\":\"2022-03-17T10:56:42+00:00\",\"description\":\"Inmitten der Weinberge des Lavaux und mit Blick auf den See, empf\u00e4ngt Sie unser Ferienhaus w\u00e4hrend der Ferienzeit.\",\"breadcrumb\":{\"@id\":\"https:\\\/\\\/chambreavecvue.ch\\\/wordpress\\\/de\\\/das-haus\\\/#breadcrumb\"},\"inLanguage\":\"fr-FR\",\"potentialAction\":[{\"@type\":\"ReadAction\",\"target\":[\"https:\\\/\\\/chambreavecvue.ch\\\/wordpress\\\/de\\\/das-haus\\\/\"]}]},{\"@type\":\"ImageObject\",\"inLanguage\":\"fr-FR\",\"@id\":\"https:\\\/\\\/chambreavecvue.ch\\\/wordpress\\\/de\\\/das-haus\\\/#primaryimage\",\"url\":\"https:\\\/\\\/chambreavecvue.ch\\\/wordpress\\\/wp-content\\\/uploads\\\/2022\\\/02\\\/5.jpeg\",\"contentUrl\":\"https:\\\/\\\/chambreavecvue.ch\\\/wordpress\\\/wp-content\\\/uploads\\\/2022\\\/02\\\/5.jpeg\",\"width\":1282,\"height\":900},{\"@type\":\"BreadcrumbList\",\"@id\":\"https:\\\/\\\/chambreavecvue.ch\\\/wordpress\\\/de\\\/das-haus\\\/#breadcrumb\",\"itemListElement\":[{\"@type\":\"ListItem\",\"position\":1,\"name\":\"Home\",\"item\":\"https:\\\/\\\/chambreavecvue.ch\\\/wordpress\\\/\"},{\"@type\":\"ListItem\",\"position\":2,\"name\":\"Das Haus\"}]},{\"@type\":\"WebSite\",\"@id\":\"https:\\\/\\\/chambreavecvue.ch\\\/wordpress\\\/#website\",\"url\":\"https:\\\/\\\/chambreavecvue.ch\\\/wordpress\\\/\",\"name\":\"Chambre avec vue\",\"description\":\"Location de vacances en Lavaux\",\"publisher\":{\"@id\":\"https:\\\/\\\/chambreavecvue.ch\\\/wordpress\\\/#organization\"},\"potentialAction\":[{\"@type\":\"SearchAction\",\"target\":{\"@type\":\"EntryPoint\",\"urlTemplate\":\"https:\\\/\\\/chambreavecvue.ch\\\/wordpress\\\/?s={search_term_string}\"},\"query-input\":{\"@type\":\"PropertyValueSpecification\",\"valueRequired\":true,\"valueName\":\"search_term_string\"}}],\"inLanguage\":\"fr-FR\"},{\"@type\":\"Organization\",\"@id\":\"https:\\\/\\\/chambreavecvue.ch\\\/wordpress\\\/#organization\",\"name\":\"Chambre avec vue\",\"url\":\"https:\\\/\\\/chambreavecvue.ch\\\/wordpress\\\/\",\"logo\":{\"@type\":\"ImageObject\",\"inLanguage\":\"fr-FR\",\"@id\":\"https:\\\/\\\/chambreavecvue.ch\\\/wordpress\\\/#\\\/schema\\\/logo\\\/image\\\/\",\"url\":\"https:\\\/\\\/chambreavecvue.ch\\\/wordpress\\\/wp-content\\\/uploads\\\/2022\\\/02\\\/chambreavecvue_logo_clr.png\",\"contentUrl\":\"https:\\\/\\\/chambreavecvue.ch\\\/wordpress\\\/wp-content\\\/uploads\\\/2022\\\/02\\\/chambreavecvue_logo_clr.png\",\"width\":800,\"height\":473,\"caption\":\"Chambre avec vue\"},\"image\":{\"@id\":\"https:\\\/\\\/chambreavecvue.ch\\\/wordpress\\\/#\\\/schema\\\/logo\\\/image\\\/\"},\"sameAs\":[\"https:\\\/\\\/www.instagram.com\\\/chambreavecvue.ch\"]}]}<\/script>\n<!-- \/ Yoast SEO plugin. -->","yoast_head_json":{"title":"Das Haus - Chambre avec vue","description":"Inmitten der Weinberge des Lavaux und mit Blick auf den See, empf\u00e4ngt Sie unser Ferienhaus w\u00e4hrend der Ferienzeit.","robots":{"index":"index","follow":"follow","max-snippet":"max-snippet:-1","max-image-preview":"max-image-preview:large","max-video-preview":"max-video-preview:-1"},"canonical":"https:\/\/chambreavecvue.ch\/wordpress\/de\/das-haus\/","og_locale":"fr_FR","og_type":"article","og_title":"Das Haus - Chambre avec vue","og_description":"Inmitten der Weinberge des Lavaux und mit Blick auf den See, empf\u00e4ngt Sie unser Ferienhaus w\u00e4hrend der Ferienzeit.","og_url":"https:\/\/chambreavecvue.ch\/wordpress\/de\/das-haus\/","og_site_name":"Chambre avec vue","article_modified_time":"2022-03-17T10:56:42+00:00","og_image":[{"url":"http:\/\/chambreavecvue.ch\/wordpress\/wp-content\/uploads\/2022\/02\/5.jpeg","type":"","width":"","height":""}],"twitter_card":"summary_large_image","twitter_misc":{"Dur\u00e9e de lecture estim\u00e9e":"1 minute"},"schema":{"@context":"https:\/\/schema.org","@graph":[{"@type":"WebPage","@id":"https:\/\/chambreavecvue.ch\/wordpress\/de\/das-haus\/","url":"https:\/\/chambreavecvue.ch\/wordpress\/de\/das-haus\/","name":"Das Haus - Chambre avec vue","isPartOf":{"@id":"https:\/\/chambreavecvue.ch\/wordpress\/#website"},"primaryImageOfPage":{"@id":"https:\/\/chambreavecvue.ch\/wordpress\/de\/das-haus\/#primaryimage"},"image":{"@id":"https:\/\/chambreavecvue.ch\/wordpress\/de\/das-haus\/#primaryimage"},"thumbnailUrl":"http:\/\/chambreavecvue.ch\/wordpress\/wp-content\/uploads\/2022\/02\/5.jpeg","datePublished":"2022-02-21T08:54:27+00:00","dateModified":"2022-03-17T10:56:42+00:00","description":"Inmitten der Weinberge des Lavaux und mit Blick auf den See, empf\u00e4ngt Sie unser Ferienhaus w\u00e4hrend der Ferienzeit.","breadcrumb":{"@id":"https:\/\/chambreavecvue.ch\/wordpress\/de\/das-haus\/#breadcrumb"},"inLanguage":"fr-FR","potentialAction":[{"@type":"ReadAction","target":["https:\/\/chambreavecvue.ch\/wordpress\/de\/das-haus\/"]}]},{"@type":"ImageObject","inLanguage":"fr-FR","@id":"https:\/\/chambreavecvue.ch\/wordpress\/de\/das-haus\/#primaryimage","url":"https:\/\/chambreavecvue.ch\/wordpress\/wp-content\/uploads\/2022\/02\/5.jpeg","contentUrl":"https:\/\/chambreavecvue.ch\/wordpress\/wp-content\/uploads\/2022\/02\/5.jpeg","width":1282,"height":900},{"@type":"BreadcrumbList","@id":"https:\/\/chambreavecvue.ch\/wordpress\/de\/das-haus\/#breadcrumb","itemListElement":[{"@type":"ListItem","position":1,"name":"Home","item":"https:\/\/chambreavecvue.ch\/wordpress\/"},{"@type":"ListItem","position":2,"name":"Das Haus"}]},{"@type":"WebSite","@id":"https:\/\/chambreavecvue.ch\/wordpress\/#website","url":"https:\/\/chambreavecvue.ch\/wordpress\/","name":"Chambre avec vue","description":"Location de vacances en Lavaux","publisher":{"@id":"https:\/\/chambreavecvue.ch\/wordpress\/#organization"},"potentialAction":[{"@type":"SearchAction","target":{"@type":"EntryPoint","urlTemplate":"https:\/\/chambreavecvue.ch\/wordpress\/?s={search_term_string}"},"query-input":{"@type":"PropertyValueSpecification","valueRequired":true,"valueName":"search_term_string"}}],"inLanguage":"fr-FR"},{"@type":"Organization","@id":"https:\/\/chambreavecvue.ch\/wordpress\/#organization","name":"Chambre avec vue","url":"https:\/\/chambreavecvue.ch\/wordpress\/","logo":{"@type":"ImageObject","inLanguage":"fr-FR","@id":"https:\/\/chambreavecvue.ch\/wordpress\/#\/schema\/logo\/image\/","url":"https:\/\/chambreavecvue.ch\/wordpress\/wp-content\/uploads\/2022\/02\/chambreavecvue_logo_clr.png","contentUrl":"https:\/\/chambreavecvue.ch\/wordpress\/wp-content\/uploads\/2022\/02\/chambreavecvue_logo_clr.png","width":800,"height":473,"caption":"Chambre avec vue"},"image":{"@id":"https:\/\/chambreavecvue.ch\/wordpress\/#\/schema\/logo\/image\/"},"sameAs":["https:\/\/www.instagram.com\/chambreavecvue.ch"]}]}},"_links":{"self":[{"href":"https:\/\/chambreavecvue.ch\/wordpress\/wp-json\/wp\/v2\/pages\/223","targetHints":{"allow":["GET"]}}],"collection":[{"href":"https:\/\/chambreavecvue.ch\/wordpress\/wp-json\/wp\/v2\/pages"}],"about":[{"href":"https:\/\/chambreavecvue.ch\/wordpress\/wp-json\/wp\/v2\/types\/page"}],"author":[{"embeddable":true,"href":"https:\/\/chambreavecvue.ch\/wordpress\/wp-json\/wp\/v2\/users\/1"}],"replies":[{"embeddable":true,"href":"https:\/\/chambreavecvue.ch\/wordpress\/wp-json\/wp\/v2\/comments?post=223"}],"version-history":[{"count":7,"href":"https:\/\/chambreavecvue.ch\/wordpress\/wp-json\/wp\/v2\/pages\/223\/revisions"}],"predecessor-version":[{"id":535,"href":"https:\/\/chambreavecvue.ch\/wordpress\/wp-json\/wp\/v2\/pages\/223\/revisions\/535"}],"wp:attachment":[{"href":"https:\/\/chambreavecvue.ch\/wordpress\/wp-json\/wp\/v2\/media?parent=223"}],"curies":[{"name":"wp","href":"https:\/\/api.w.org\/{rel}","templated":true}]}}